{"id":19093,"date":"2024-03-14T08:29:10","date_gmt":"2024-03-14T08:29:10","guid":{"rendered":"https:\/\/www.elephantbleu.com\/credits-et-mentions-legales\/"},"modified":"2025-03-27T15:11:55","modified_gmt":"2025-03-27T15:11:55","slug":"credits-et-mentions-legales","status":"publish","type":"page","link":"https:\/\/www.elephantbleu.com\/fr-ch\/credits-et-mentions-legales\/","title":{"rendered":"CREDITS ET MENTIONS LEGALES"},"content":{"rendered":"\n<div style=\"height:100px\" aria-hidden=\"true\" class=\"wp-block-spacer\"><\/div>\n\n\n\n<p class=\"has-medium-font-size\"><strong>IDENTIFICATION<\/strong><\/p>\n\n\n\n<p>Ce pr\u00e9sent site Internet (ci-apr\u00e8s le \u00ab Site \u00bb) est \u00e9dit\u00e9 et vous est propos\u00e9 par la soci\u00e9t\u00e9 HYPROMAT SUISSE, soci\u00e9t\u00e9 anonyme au capital social de 1 500 000 VHF, immatricul\u00e9e au registre du commerce sous le num\u00e9ro CHE-101.163.881, dont le si\u00e8ge social est situ\u00e9 Rue du Tombet 24 2034 Peseux<br>(ci-apr\u00e8s l\u2019\u00ab \u00c9diteur \u00bb)<\/p>\n\n\n\n<p>Num\u00e9ro IDE : CHE-101.163.881<\/p>\n\n\n\n<p>E-mail : suisse@hypromat.com<\/p>\n\n\n\n<p>Directrice de la publication : Marie-Anne Poirson<\/p>\n\n\n\n<div style=\"height:24px\" aria-hidden=\"true\" class=\"wp-block-spacer\"><\/div>\n\n\n\n<p class=\"has-medium-font-size\"><strong>CREATION, REALISATION ET HEBERGEMENT<\/strong><\/p>\n\n\n\n<p>Ce Site a \u00e9t\u00e9 r\u00e9alis\u00e9 par l\u2019agence Novembre Creative Business Partner, soci\u00e9t\u00e9 par actions simplifi\u00e9e, immatricul\u00e9e sous le SIREN 381 273 788, dont le si\u00e8ge social est situ\u00e9 au 7 rue des Magasins, 67000 Strasbourg.<\/p>\n\n\n\n<p>Ce Site est h\u00e9berg\u00e9 par la soci\u00e9t\u00e9 DIATEM SAS, soci\u00e9t\u00e9 immatricul\u00e9e au RCS de Strasbourg sous le num\u00e9ro 443 355 987 2, rue de Dublin &#8211; Espace Europ\u00e9en de l\u2019Entreprise &#8211; F &#8211; , 67300 SCHILTIGHEIM (t\u00e9l. :03 88 22 74 20)<\/p>\n\n\n\n<div style=\"height:24px\" aria-hidden=\"true\" class=\"wp-block-spacer\"><\/div>\n\n\n\n<p class=\"has-medium-font-size\"><strong>ACCES AU SITE ET CONDITIONS D&#8217;UTILISATION<\/strong><\/p>\n\n\n\n<p>En utilisant le Site, vous reconnaissez avoir pris connaissance des pr\u00e9sentes mentions l\u00e9gales et vous vous engagez \u00e0 :  <\/p>\n\n\n\n<p>n\u2019utiliser les services du Site ainsi que l\u2019ensemble des informations auxquelles vous pouvez avoir acc\u00e8s que dans un but conforme \u00e0 l\u2019ordre public, aux bonnes m\u0153urs et aux droits des tiers ;<\/p>\n\n\n\n<p>\u00e0 ne commettre aucun acte pouvant mettre en cause la s\u00e9curit\u00e9 informatique du Site ou du syst\u00e8me informatique de tiers ;<\/p>\n\n\n\n<p>\u00e0 ne pas interf\u00e9rer ou interrompre le fonctionnement normal du Site.<\/p>\n\n\n\n<p>Respect des droits de propri\u00e9t\u00e9 intellectuelle<\/p>\n\n\n\n<p>Le pr\u00e9sent site Internet (ci-apr\u00e8s le \u00ab Site \u00bb) est la propri\u00e9t\u00e9 exclusive de l\u2019\u00c9diteur.<\/p>\n\n\n\n<p>Le Site et l\u2019ensemble de ses \u00e9l\u00e9ments constitutifs (textes, images, vid\u00e9os, graphismes, sons, logiciels, code source, base de donn\u00e9es et autres cr\u00e9ations) sont prot\u00e9g\u00e9s par la l\u00e9gislation sur le droit d\u2019auteur.<\/p>\n\n\n\n<p>Les marques et logos figurant sur le Site, sont la propri\u00e9t\u00e9 de l\u2019\u00c9diteur ou font l\u2019objet d\u2019une autorisation d\u2019utilisation de tiers. Aucun droit ou licence ne saurait \u00eatre attribu\u00e9 sur quelconque de ces \u00e9l\u00e9ments sans l\u2019autorisation \u00e9crite de l\u2019\u00c9diteur ou du tiers d\u00e9tenteur des droits sur la marque ou logo figurant sur le Site.<\/p>\n\n\n\n<p>Vous ne pouvez en aucun cas reproduire, repr\u00e9senter, diffuser, distribuer ou modifier le Site ou des \u00e9l\u00e9ments du Site sans l\u2019autorisation \u00e9crite et pr\u00e9alable de l\u2019\u00c9diteur. L\u2019\u00c9diteur se r\u00e9serve le droit de poursuivre tout acte de contrefa\u00e7on de ses droits de propri\u00e9t\u00e9 intellectuelle, y compris dans le cadre d\u2019une action p\u00e9nale.<\/p>\n\n\n\n<div style=\"height:51px\" aria-hidden=\"true\" class=\"wp-block-spacer\"><\/div>\n\n\n\n<p class=\"has-medium-font-size\"><strong>RESPECT DES IMAGES<\/strong><\/p>\n\n\n\n<p>Les images ou photographies de personnes ou de lieux figurant sur le Site, sont la propri\u00e9t\u00e9 de l\u2019\u00c9diteur ou des personnes concern\u00e9es et\/ou sont utilis\u00e9es par l\u2019\u00c9diteur avec l\u2019accord des titulaires des droits. L\u2019utilisation de ces images ou photographies est interdite sans autorisation sp\u00e9cifique et expresse de l\u2019\u00c9diteur ou des titulaires des droits. Toute utilisation non autoris\u00e9e est susceptible de constituer une violation de droits d\u2019auteur, de droits \u00e0 l\u2019image, ou de droits des personnes.<\/p>\n\n\n\n<div style=\"height:45px\" aria-hidden=\"true\" class=\"wp-block-spacer\"><\/div>\n\n\n\n<p class=\"has-medium-font-size\"><strong>EXCLUSION DE RESPONSABILITE ET INDEMNISATION<\/strong><\/p>\n\n\n\n<p>L\u2019\u00c9diteur ne saurait \u00eatre tenu responsable des dommages qui pourraient r\u00e9sulter de l\u2019acc\u00e8s ou de l\u2019utilisation du Site, incluant toutes d\u00e9t\u00e9riorations ou virus qui pourraient infecter votre \u00e9quipement informatique ou tout autre bien.<\/p>\n\n\n\n<p>Les informations communiqu\u00e9es sur ce Site sont fournies \u00e0 titre indicatif et g\u00e9n\u00e9ral. Elles ne pr\u00e9tendent aucunement \u00e0 l\u2019exhaustivit\u00e9 et ne peuvent \u00eatre assimil\u00e9es \u00e0 une prestation de conseil ou de services. Malgr\u00e9 les mises \u00e0 jour du contenu du Site et le soin apport\u00e9 \u00e0 la fiabilit\u00e9 du contenu, l\u2019\u00c9diteur ne peut \u00eatre tenu responsable d\u2019\u00e9ventuelles erreurs, inexactitudes, omissions, ou de l\u2019absence absence de disponibilit\u00e9 du Site.<\/p>\n\n\n\n<div style=\"height:30px\" aria-hidden=\"true\" class=\"wp-block-spacer\"><\/div>\n\n\n\n<p class=\"has-medium-font-size\"><strong>POLITIQUE DE CONFIDENTIALITE ET COOKIES<\/strong><\/p>\n\n\n\n<p>Vous pouvez consulter <strong>ici<\/strong> notre politique de confidentialit\u00e9 et de gestion des cookies.<\/p>\n\n\n\n<p>Liens externes<\/p>\n\n\n\n<p>L\u2019\u00c9diteur peut proposer des liens depuis son Site vers des sites tiers. Ces liens ne constituent en aucun cas une approbation du contenu de ces sites tiers par l\u2019\u00c9diteur. L\u2019\u00c9diteur ne saurait \u00eatre tenu responsable de leurs contenus, leurs produits, leurs publicit\u00e9s ou tous \u00e9l\u00e9ments ou services pr\u00e9sent\u00e9s sur ces sites. Les sites tiers sont soumis \u00e0 leurs propres conditions d\u2019utilisation et politique de confidentialit\u00e9.<\/p>\n\n\n\n<p>Droit applicable<\/p>\n\n\n\n<p>Le pr\u00e9sent Site est soumis au droit fran\u00e7ais.<\/p>\n\n\n\n<p>Derni\u00e8re modification : Mars 2024<\/p>\n\n\n\n<div style=\"height:20px\" aria-hidden=\"true\" class=\"wp-block-spacer\"><\/div>\n","protected":false},"excerpt":{"rendered":"<p>IDENTIFICATION Ce pr\u00e9sent site Internet (ci-apr\u00e8s le \u00ab Site \u00bb) est \u00e9dit\u00e9 et vous est propos\u00e9 par la soci\u00e9t\u00e9 HYPROMAT SUISSE, soci\u00e9t\u00e9 anonyme au capital social de 1 500 000 VHF, immatricul\u00e9e au registre du commerce sous le num\u00e9ro CHE-101.163.881, dont le si\u00e8ge social est situ\u00e9 Rue du Tombet 24 2034 Peseux(ci-apr\u00e8s l\u2019\u00ab \u00c9diteur \u00bb) [&hellip;]<\/p>\n","protected":false},"author":2,"featured_media":0,"parent":0,"menu_order":0,"comment_status":"closed","ping_status":"closed","template":"","meta":{"_acf_changed":false,"footnotes":""},"class_list":["post-19093","page","type-page","status-publish","hentry"],"acf":[],"yoast_head":"<!-- This site is optimized with the Yoast SEO plugin v27.2 - https:\/\/yoast.com\/product\/yoast-seo-wordpress\/ -->\n<title>CREDITS ET MENTIONS LEGALES - Elephant-Bleu<\/title>\n<meta name=\"robots\" content=\"index, follow, max-snippet:-1, max-image-preview:large, max-video-preview:-1\" \/>\n<link rel=\"canonical\" href=\"https:\/\/www.elephantbleu.com\/fr-ch\/credits-et-mentions-legales\/\" \/>\n<meta property=\"og:locale\" content=\"fr_FR\" \/>\n<meta property=\"og:type\" content=\"article\" \/>\n<meta property=\"og:title\" content=\"CREDITS ET MENTIONS LEGALES - Elephant-Bleu\" \/>\n<meta property=\"og:description\" content=\"IDENTIFICATION Ce pr\u00e9sent site Internet (ci-apr\u00e8s le \u00ab Site \u00bb) est \u00e9dit\u00e9 et vous est propos\u00e9 par la soci\u00e9t\u00e9 HYPROMAT SUISSE, soci\u00e9t\u00e9 anonyme au capital social de 1 500 000 VHF, immatricul\u00e9e au registre du commerce sous le num\u00e9ro CHE-101.163.881, dont le si\u00e8ge social est situ\u00e9 Rue du Tombet 24 2034 Peseux(ci-apr\u00e8s l\u2019\u00ab \u00c9diteur \u00bb) [&hellip;]\" \/>\n<meta property=\"og:url\" content=\"https:\/\/www.elephantbleu.com\/fr-ch\/credits-et-mentions-legales\/\" \/>\n<meta property=\"og:site_name\" content=\"Elephant-Bleu\" \/>\n<meta property=\"article:publisher\" content=\"https:\/\/fr-fr.facebook.com\/ElephantBleuOfficiel\/\" \/>\n<meta property=\"article:modified_time\" content=\"2025-03-27T15:11:55+00:00\" \/>\n<meta name=\"twitter:card\" content=\"summary_large_image\" \/>\n<meta name=\"twitter:label1\" content=\"Est. reading time\" \/>\n\t<meta name=\"twitter:data1\" content=\"4 minutes\" \/>\n<script type=\"application\/ld+json\" class=\"yoast-schema-graph\">{\"@context\":\"https:\/\/schema.org\",\"@graph\":[{\"@type\":\"WebPage\",\"@id\":\"https:\/\/www.elephantbleu.com\/fr-ch\/credits-et-mentions-legales\/\",\"url\":\"https:\/\/www.elephantbleu.com\/fr-ch\/credits-et-mentions-legales\/\",\"name\":\"CREDITS ET MENTIONS LEGALES - Elephant-Bleu\",\"isPartOf\":{\"@id\":\"https:\/\/www.elephantbleu.com\/fr-ch\/#website\"},\"datePublished\":\"2024-03-14T08:29:10+00:00\",\"dateModified\":\"2025-03-27T15:11:55+00:00\",\"breadcrumb\":{\"@id\":\"https:\/\/www.elephantbleu.com\/fr-ch\/credits-et-mentions-legales\/#breadcrumb\"},\"inLanguage\":\"fr-CH\",\"potentialAction\":[{\"@type\":\"ReadAction\",\"target\":[\"https:\/\/www.elephantbleu.com\/fr-ch\/credits-et-mentions-legales\/\"]}]},{\"@type\":\"BreadcrumbList\",\"@id\":\"https:\/\/www.elephantbleu.com\/fr-ch\/credits-et-mentions-legales\/#breadcrumb\",\"itemListElement\":[{\"@type\":\"ListItem\",\"position\":1,\"name\":\"Home\",\"item\":\"https:\/\/www.elephantbleu.com\/fr-ch\/\"},{\"@type\":\"ListItem\",\"position\":2,\"name\":\"CREDITS ET MENTIONS LEGALES\"}]},{\"@type\":\"WebSite\",\"@id\":\"https:\/\/www.elephantbleu.com\/fr-ch\/#website\",\"url\":\"https:\/\/www.elephantbleu.com\/fr-ch\/\",\"name\":\"Elephant Bleu\",\"description\":\"\",\"publisher\":{\"@id\":\"https:\/\/www.elephantbleu.com\/fr-ch\/#organization\"},\"potentialAction\":[{\"@type\":\"SearchAction\",\"target\":{\"@type\":\"EntryPoint\",\"urlTemplate\":\"https:\/\/www.elephantbleu.com\/fr-ch\/?s={search_term_string}\"},\"query-input\":{\"@type\":\"PropertyValueSpecification\",\"valueRequired\":true,\"valueName\":\"search_term_string\"}}],\"inLanguage\":\"fr-CH\"},{\"@type\":\"Organization\",\"@id\":\"https:\/\/www.elephantbleu.com\/fr-ch\/#organization\",\"name\":\"Elephant Bleu\",\"url\":\"https:\/\/www.elephantbleu.com\/fr-ch\/\",\"logo\":{\"@type\":\"ImageObject\",\"inLanguage\":\"fr-CH\",\"@id\":\"https:\/\/www.elephantbleu.com\/fr-ch\/#\/schema\/logo\/image\/\",\"url\":\"https:\/\/www.elephantbleu.com\/wp-content\/uploads\/2024\/01\/conseils-de-lelephant-02.png\",\"contentUrl\":\"https:\/\/www.elephantbleu.com\/wp-content\/uploads\/2024\/01\/conseils-de-lelephant-02.png\",\"width\":200,\"height\":200,\"caption\":\"Elephant Bleu\"},\"image\":{\"@id\":\"https:\/\/www.elephantbleu.com\/fr-ch\/#\/schema\/logo\/image\/\"},\"sameAs\":[\"https:\/\/fr-fr.facebook.com\/ElephantBleuOfficiel\/\",\"https:\/\/fr.linkedin.com\/company\/elephant-bleu-franchise\"]}]}<\/script>\n<!-- \/ Yoast SEO plugin. -->","yoast_head_json":{"title":"CREDITS ET MENTIONS LEGALES - Elephant-Bleu","robots":{"index":"index","follow":"follow","max-snippet":"max-snippet:-1","max-image-preview":"max-image-preview:large","max-video-preview":"max-video-preview:-1"},"canonical":"https:\/\/www.elephantbleu.com\/fr-ch\/credits-et-mentions-legales\/","og_locale":"fr_FR","og_type":"article","og_title":"CREDITS ET MENTIONS LEGALES - Elephant-Bleu","og_description":"IDENTIFICATION Ce pr\u00e9sent site Internet (ci-apr\u00e8s le \u00ab Site \u00bb) est \u00e9dit\u00e9 et vous est propos\u00e9 par la soci\u00e9t\u00e9 HYPROMAT SUISSE, soci\u00e9t\u00e9 anonyme au capital social de 1 500 000 VHF, immatricul\u00e9e au registre du commerce sous le num\u00e9ro CHE-101.163.881, dont le si\u00e8ge social est situ\u00e9 Rue du Tombet 24 2034 Peseux(ci-apr\u00e8s l\u2019\u00ab \u00c9diteur \u00bb) [&hellip;]","og_url":"https:\/\/www.elephantbleu.com\/fr-ch\/credits-et-mentions-legales\/","og_site_name":"Elephant-Bleu","article_publisher":"https:\/\/fr-fr.facebook.com\/ElephantBleuOfficiel\/","article_modified_time":"2025-03-27T15:11:55+00:00","twitter_card":"summary_large_image","twitter_misc":{"Est. reading time":"4 minutes"},"schema":{"@context":"https:\/\/schema.org","@graph":[{"@type":"WebPage","@id":"https:\/\/www.elephantbleu.com\/fr-ch\/credits-et-mentions-legales\/","url":"https:\/\/www.elephantbleu.com\/fr-ch\/credits-et-mentions-legales\/","name":"CREDITS ET MENTIONS LEGALES - Elephant-Bleu","isPartOf":{"@id":"https:\/\/www.elephantbleu.com\/fr-ch\/#website"},"datePublished":"2024-03-14T08:29:10+00:00","dateModified":"2025-03-27T15:11:55+00:00","breadcrumb":{"@id":"https:\/\/www.elephantbleu.com\/fr-ch\/credits-et-mentions-legales\/#breadcrumb"},"inLanguage":"fr-CH","potentialAction":[{"@type":"ReadAction","target":["https:\/\/www.elephantbleu.com\/fr-ch\/credits-et-mentions-legales\/"]}]},{"@type":"BreadcrumbList","@id":"https:\/\/www.elephantbleu.com\/fr-ch\/credits-et-mentions-legales\/#breadcrumb","itemListElement":[{"@type":"ListItem","position":1,"name":"Home","item":"https:\/\/www.elephantbleu.com\/fr-ch\/"},{"@type":"ListItem","position":2,"name":"CREDITS ET MENTIONS LEGALES"}]},{"@type":"WebSite","@id":"https:\/\/www.elephantbleu.com\/fr-ch\/#website","url":"https:\/\/www.elephantbleu.com\/fr-ch\/","name":"Elephant Bleu","description":"","publisher":{"@id":"https:\/\/www.elephantbleu.com\/fr-ch\/#organization"},"potentialAction":[{"@type":"SearchAction","target":{"@type":"EntryPoint","urlTemplate":"https:\/\/www.elephantbleu.com\/fr-ch\/?s={search_term_string}"},"query-input":{"@type":"PropertyValueSpecification","valueRequired":true,"valueName":"search_term_string"}}],"inLanguage":"fr-CH"},{"@type":"Organization","@id":"https:\/\/www.elephantbleu.com\/fr-ch\/#organization","name":"Elephant Bleu","url":"https:\/\/www.elephantbleu.com\/fr-ch\/","logo":{"@type":"ImageObject","inLanguage":"fr-CH","@id":"https:\/\/www.elephantbleu.com\/fr-ch\/#\/schema\/logo\/image\/","url":"https:\/\/www.elephantbleu.com\/wp-content\/uploads\/2024\/01\/conseils-de-lelephant-02.png","contentUrl":"https:\/\/www.elephantbleu.com\/wp-content\/uploads\/2024\/01\/conseils-de-lelephant-02.png","width":200,"height":200,"caption":"Elephant Bleu"},"image":{"@id":"https:\/\/www.elephantbleu.com\/fr-ch\/#\/schema\/logo\/image\/"},"sameAs":["https:\/\/fr-fr.facebook.com\/ElephantBleuOfficiel\/","https:\/\/fr.linkedin.com\/company\/elephant-bleu-franchise"]}]}},"_links":{"self":[{"href":"https:\/\/www.elephantbleu.com\/fr-ch\/wp-json\/wp\/v2\/pages\/19093","targetHints":{"allow":["GET"]}}],"collection":[{"href":"https:\/\/www.elephantbleu.com\/fr-ch\/wp-json\/wp\/v2\/pages"}],"about":[{"href":"https:\/\/www.elephantbleu.com\/fr-ch\/wp-json\/wp\/v2\/types\/page"}],"author":[{"embeddable":true,"href":"https:\/\/www.elephantbleu.com\/fr-ch\/wp-json\/wp\/v2\/users\/2"}],"replies":[{"embeddable":true,"href":"https:\/\/www.elephantbleu.com\/fr-ch\/wp-json\/wp\/v2\/comments?post=19093"}],"version-history":[{"count":3,"href":"https:\/\/www.elephantbleu.com\/fr-ch\/wp-json\/wp\/v2\/pages\/19093\/revisions"}],"predecessor-version":[{"id":19099,"href":"https:\/\/www.elephantbleu.com\/fr-ch\/wp-json\/wp\/v2\/pages\/19093\/revisions\/19099"}],"wp:attachment":[{"href":"https:\/\/www.elephantbleu.com\/fr-ch\/wp-json\/wp\/v2\/media?parent=19093"}],"curies":[{"name":"wp","href":"https:\/\/api.w.org\/{rel}","templated":true}]}}