{"id":10547,"date":"2023-11-06T16:35:44","date_gmt":"2023-11-06T16:35:44","guid":{"rendered":"https:\/\/www.elephantbleu.com\/les-moyens-de-paiement\/"},"modified":"2025-05-23T09:13:46","modified_gmt":"2025-05-23T09:13:46","slug":"les-moyens-de-paiement","status":"publish","type":"page","link":"https:\/\/www.elephantbleu.com\/fr-ch\/les-moyens-de-paiement\/","title":{"rendered":"Les moyens de paiement"},"content":{"rendered":"    \n    <section id=\"side-panel\" class=\"cards-anchor-container\" data-aos=\"fade-up\" data-aos-offset=\"250\" data-aos-duration=\"1000\">\n        <ul class=\"cards__list\">\n                            <li class=\"cards\">\n                    <div class=\"mask has-background bg-yellow\"><\/div>\n\n                    <a href=\"#application\">\n                        <div class=\"image-container\">\n                            <img decoding=\"async\" src=\"https:\/\/www.elephantbleu.com\/wp-content\/uploads\/2023\/11\/Image-566.png\" alt=\"\">\n                        <\/div>\n\n                        <div class=\"content has-text-color has-blue-500-color\">l\u2019application mobile<\/div>\n                    <\/a>\n                <\/li>\n                            <li class=\"cards\">\n                    <div class=\"mask has-background bg-blue-400\"><\/div>\n\n                    <a href=\"#carte\">\n                        <div class=\"image-container\">\n                            <img decoding=\"async\" src=\"https:\/\/www.elephantbleu.com\/wp-content\/uploads\/2023\/11\/Image-4.png\" alt=\"\">\n                        <\/div>\n\n                        <div class=\"content has-text-color has-white-color\">la carte  PRO<\/div>\n                    <\/a>\n                <\/li>\n                            <li class=\"cards\">\n                    <div class=\"mask has-background bg-dark-grey\"><\/div>\n\n                    <a href=\"#Le paiement sans contact\">\n                        <div class=\"image-container\">\n                            <img decoding=\"async\" src=\"https:\/\/www.elephantbleu.com\/wp-content\/uploads\/2023\/12\/CB.png\" alt=\"\">\n                        <\/div>\n\n                        <div class=\"content has-text-color has-white-color\">Le paiement sans contact<\/div>\n                    <\/a>\n                <\/li>\n                            <li class=\"cards\">\n                    <div class=\"mask has-background bg-blue-200\"><\/div>\n\n                    <a href=\"#cl\u00e9\">\n                        <div class=\"image-container\">\n                            <img decoding=\"async\" src=\"https:\/\/www.elephantbleu.com\/wp-content\/uploads\/2024\/01\/cle-1.png\" alt=\"\">\n                        <\/div>\n\n                        <div class=\"content has-text-color has-white-color\">la cl\u00e9 de lavage<\/div>\n                    <\/a>\n                <\/li>\n                            <li class=\"cards\">\n                    <div class=\"mask has-background bg-blue-100\"><\/div>\n\n                    <a href=\"#jeton\">\n                        <div class=\"image-container\">\n                            <img decoding=\"async\" src=\"https:\/\/www.elephantbleu.com\/wp-content\/uploads\/2024\/01\/Image-3-1.png\" alt=\"\">\n                        <\/div>\n\n                        <div class=\"content has-text-color has-blue-500-color\">LE Jeton<\/div>\n                    <\/a>\n                <\/li>\n                    <\/ul>\n    <\/section>\n\n\n    <section class=\"double-image-anchor-container left\" data-aos=\"fade-up\" data-aos-offset=\"250\" data-aos-duration=\"1000\">\n                    <div id=\"application\" class=\"anchor\"><\/div>\n        \n        <div class=\"background-mask has-background bg-yellow\"><\/div>\n\n                    <div class=\"image-mask\">\n                <img decoding=\"async\" src=\"https:\/\/www.elephantbleu.com\/wp-content\/uploads\/2023\/12\/trompe-app-2.png\" alt=\"\">\n            <\/div>\n        \n        <div class=\"content-container \">\n            <div class=\"image-container\">\n                <img decoding=\"async\" src=\"https:\/\/www.elephantbleu.com\/wp-content\/uploads\/2023\/11\/Image-1.png\" alt=\"\">\n            <\/div>\n\n            <h2 class=\"title\"><p><span style=\"color: #002e67;\">L\u2019application mobile<br \/>\n\u00c9L\u00c9PHANT BLEU<\/span><\/p>\n<\/h2>\n\n            <div class=\"images-container\">\n                                    <div class=\"card-container\">\n                        <div class=\"image-container\">\n                            <img decoding=\"async\" src=\"https:\/\/www.elephantbleu.com\/wp-content\/uploads\/2023\/11\/Image-1.png\" alt=\"\">\n                        <\/div>\n\n                        <div class=\"content\">\n                            <div class=\"title\">Simple et rapide<\/div>\n                            <div class=\"subtitle\">Fini l&#8217;attente \u00e0 la borne, je paie le lavage de mon v\u00e9hicule en un clic depuis mon smartphone.<\/div>\n                        <\/div>\n                    <\/div>\n                                    <div class=\"card-container\">\n                        <div class=\"image-container\">\n                            <img decoding=\"async\" src=\"https:\/\/www.elephantbleu.com\/wp-content\/uploads\/2025\/04\/Groupe-1085-unsmushed.png\" alt=\"\">\n                        <\/div>\n\n                        <div class=\"content\">\n                            <div class=\"title\">Promos exclusives<\/div>\n                            <div class=\"subtitle\">Gr\u00e2ce au programme de fid\u00e9lit\u00e9, je profite de 10% de remise\r\nsur tous les services de mon centre ! Et je b\u00e9n\u00e9ficie d&#8217;avantages exclusifs.<\/div>\n                        <\/div>\n                    <\/div>\n                            <\/div>\n\n            <div class=\"text-container\">\n                <h2 class=\"title\"><p><span style=\"color: #002e67;\">L\u2019application mobile<br \/>\n\u00c9L\u00c9PHANT BLEU<\/span><\/p>\n<\/h2>\n\n                                    <a class=\"button has-background bg-blue-500\" href=\"https:\/\/www.elephantbleu.com\/lapplication-elephant-bleu\/\">En savoir plus<\/a>\n                            <\/div>\n        <\/div>\n    <\/section>\n\n\n    <section class=\"double-image-anchor-container right\" data-aos=\"fade-up\" data-aos-offset=\"250\" data-aos-duration=\"1000\">\n                    <div id=\"carte\" class=\"anchor\"><\/div>\n        \n        <div class=\"background-mask has-background bg-blue-400\"><\/div>\n\n                    <div class=\"image-mask\">\n                <img decoding=\"async\" src=\"https:\/\/www.elephantbleu.com\/wp-content\/uploads\/2023\/11\/Groupe-de-masques-27.png\" alt=\"\">\n            <\/div>\n        \n        <div class=\"content-container \">\n            <div class=\"image-container\">\n                <img decoding=\"async\" src=\"https:\/\/www.elephantbleu.com\/wp-content\/uploads\/2023\/11\/Image-4.png\" alt=\"\">\n            <\/div>\n\n            <h2 class=\"title\"><p>La <span style=\"color: #40b0e1;\">carte pro<\/span><br \/>\n\u00c9l\u00e9phant bleu<\/p>\n<\/h2>\n\n            <div class=\"images-container\">\n                                    <div class=\"card-container\">\n                        <div class=\"image-container\">\n                            <img decoding=\"async\" src=\"https:\/\/www.elephantbleu.com\/wp-content\/uploads\/2023\/11\/PICTO-1.png\" alt=\"\">\n                        <\/div>\n\n                        <div class=\"content\">\n                            <div class=\"title\">Service d\u00e9di\u00e9 aux pros<\/div>\n                            <div class=\"subtitle\">Simplifiez vous la gestion des frais en lavage!<\/div>\n                        <\/div>\n                    <\/div>\n                                    <div class=\"card-container\">\n                        <div class=\"image-container\">\n                            <img decoding=\"async\" src=\"https:\/\/www.elephantbleu.com\/wp-content\/uploads\/2023\/11\/Groupe-653.png\" alt=\"\">\n                        <\/div>\n\n                        <div class=\"content\">\n                            <div class=\"title\">Budget maitris\u00e9<\/div>\n                            <div class=\"subtitle\">Meilleur contr\u00f4le de vos d\u00e9penses<\/div>\n                        <\/div>\n                    <\/div>\n                            <\/div>\n\n            <div class=\"text-container\">\n                <h2 class=\"title\"><p>La <span style=\"color: #40b0e1;\">carte pro<\/span><br \/>\n\u00c9l\u00e9phant bleu<\/p>\n<\/h2>\n\n                                    <a class=\"button has-background bg-blue-200\" href=\"https:\/\/www.elephantbleu.com\/la-carte-pro-elephant-bleu\/\">en savoir plus<\/a>\n                            <\/div>\n        <\/div>\n    <\/section>\n\n\n    <section class=\"double-image-anchor-container left\" data-aos=\"fade-up\" data-aos-offset=\"250\" data-aos-duration=\"1000\">\n                    <div id=\"Le paiement sans contact\" class=\"anchor\"><\/div>\n        \n        <div class=\"background-mask has-background bg-white\"><\/div>\n\n                    <div class=\"image-mask\">\n                <img decoding=\"async\" src=\"https:\/\/www.elephantbleu.com\/wp-content\/uploads\/2024\/01\/Groupe-de-masques-28.png\" alt=\"\">\n            <\/div>\n        \n        <div class=\"content-container \">\n            <div class=\"image-container\">\n                <img decoding=\"async\" src=\"https:\/\/www.elephantbleu.com\/wp-content\/uploads\/2023\/12\/CB.png\" alt=\"\">\n            <\/div>\n\n            <h2 class=\"title\"><p><span style=\"color:#FF8C00;\">Le paiement <strong>sans contact<\/strong><\/span><\/p>\n<\/h2>\n\n            <div class=\"images-container\">\n                                    <div class=\"card-container\">\n                        <div class=\"image-container\">\n                            <img decoding=\"async\" src=\"https:\/\/www.elephantbleu.com\/wp-content\/uploads\/2023\/12\/picto-cb-sans-contact.png\" alt=\"\">\n                        <\/div>\n\n                        <div class=\"content\">\n                            <div class=\"title\"><span style=\"color: # FF8C00;\">Pratique<\/span><\/div>\n                            <div class=\"subtitle\">Je paye en carte bancaire sans contact directement sur les pistes haute pression et sur les aspirateurs.<\/div>\n                        <\/div>\n                    <\/div>\n                            <\/div>\n\n            <div class=\"text-container\">\n                <h2 class=\"title\"><p><span style=\"color:#FF8C00;\">Le paiement <strong>sans contact<\/strong><\/span><\/p>\n<\/h2>\n\n                            <\/div>\n        <\/div>\n    <\/section>\n\n\n    <section class=\"double-image-anchor-container right\" data-aos=\"fade-up\" data-aos-offset=\"250\" data-aos-duration=\"1000\">\n                    <div id=\"cl\u00e9\" class=\"anchor\"><\/div>\n        \n        <div class=\"background-mask has-background bg-blue-200\"><\/div>\n\n                    <div class=\"image-mask\">\n                <img decoding=\"async\" src=\"https:\/\/www.elephantbleu.com\/wp-content\/uploads\/2023\/11\/Groupe-de-masques-41.png\" alt=\"\">\n            <\/div>\n        \n        <div class=\"content-container \">\n            <div class=\"image-container\">\n                <img decoding=\"async\" src=\"https:\/\/www.elephantbleu.com\/wp-content\/uploads\/2024\/01\/cle-1.png\" alt=\"\">\n            <\/div>\n\n            <h2 class=\"title\"><p>La <span style=\"color: #002e67;\">cl\u00e9 de lavage<\/span><br \/>\nEl\u00e9phant bleu<\/p>\n<\/h2>\n\n            <div class=\"images-container\">\n                                    <div class=\"card-container\">\n                        <div class=\"image-container\">\n                            <img decoding=\"async\" src=\"https:\/\/www.elephantbleu.com\/wp-content\/uploads\/2024\/02\/wallet_06-Converti.png\" alt=\"\">\n                        <\/div>\n\n                        <div class=\"content\">\n                            <div class=\"title\">Cr\u00e9dit rechargeable<\/div>\n                            <div class=\"subtitle\">Je recharge ma cl\u00e9 de lavage \u00e0 la borne de ma station d&#8217;un montant qui sera cr\u00e9dit\u00e9 pour mes prochains lavages.<\/div>\n                        <\/div>\n                    <\/div>\n                            <\/div>\n\n            <div class=\"text-container\">\n                <h2 class=\"title\"><p>La <span style=\"color: #002e67;\">cl\u00e9 de lavage<\/span><br \/>\nEl\u00e9phant bleu<\/p>\n<\/h2>\n\n                            <\/div>\n        <\/div>\n    <\/section>\n\n\n\n<div style=\"height:26px\" aria-hidden=\"true\" class=\"wp-block-spacer\"><\/div>\n\n\n    <section class=\"double-image-anchor-container left\" data-aos=\"fade-up\" data-aos-offset=\"250\" data-aos-duration=\"1000\">\n                    <div id=\"jeton\" class=\"anchor\"><\/div>\n        \n        <div class=\"background-mask has-background bg-blue-100\"><\/div>\n\n                    <div class=\"image-mask\">\n                <img decoding=\"async\" src=\"https:\/\/www.elephantbleu.com\/wp-content\/uploads\/2024\/01\/Groupe-de-masques-41-1.png\" alt=\"\">\n            <\/div>\n        \n        <div class=\"content-container \">\n            <div class=\"image-container\">\n                <img decoding=\"async\" src=\"https:\/\/www.elephantbleu.com\/wp-content\/uploads\/2024\/01\/Image-3-1.png\" alt=\"\">\n            <\/div>\n\n            <h2 class=\"title\"><p><span style=\"color: #40b0e1;\">Le <\/span><span style=\"color: #002e67;\">jeton<\/span><span style=\"color: #40b0e1;\"><br \/>\n\u00c9l\u00e9phant bleu<\/span><\/p>\n<\/h2>\n\n            <div class=\"images-container\">\n                                    <div class=\"card-container\">\n                        <div class=\"image-container\">\n                            <img decoding=\"async\" src=\"https:\/\/www.elephantbleu.com\/wp-content\/uploads\/2023\/11\/ILLUS.png\" alt=\"\">\n                        <\/div>\n\n                        <div class=\"content\">\n                            <div class=\"title\">Universel<\/div>\n                            <div class=\"subtitle\">Je peux utiliser les jetons sur tous les \u00e9quipements propos\u00e9s et dans toutes les stations El\u00e9phant Bleu en France et en Suisse.<\/div>\n                        <\/div>\n                    <\/div>\n                            <\/div>\n\n            <div class=\"text-container\">\n                <h2 class=\"title\"><p><span style=\"color: #40b0e1;\">Le <\/span><span style=\"color: #002e67;\">jeton<\/span><span style=\"color: #40b0e1;\"><br \/>\n\u00c9l\u00e9phant bleu<\/span><\/p>\n<\/h2>\n\n                            <\/div>\n        <\/div>\n    <\/section>\n\n\n\n<div style=\"height:29px\" aria-hidden=\"true\" class=\"wp-block-spacer\"><\/div>\n\n\n\n<p class=\"has-text-align-center has-medium-font-size\"><em>Les moyens de paiement disponible peuvent varier selon les \u00e9quipements de la station. <\/em><br><em>Utilisez les filtres lors de votre recherche de station et s\u00e9lectionnez le mode de paiement souhait\u00e9.<\/em><\/p>\n\n\n\n<div style=\"height:21px\" aria-hidden=\"true\" class=\"wp-block-spacer\"><\/div>\n\n\n    <section class=\"banner-container\" data-aos=\"fade-up\" data-aos-offset=\"250\" data-aos-duration=\"1000\">\n        <ul class=\"blocs grid-cols-1 \">\n                            <li class=\"bloc\">\n                    <div class=\"image-container\">\n                                                    <div class=\"mask has-background bg-blue-400\"><\/div>\n                        \n                        <img decoding=\"async\" src=\"https:\/\/www.elephantbleu.com\/wp-content\/uploads\/2023\/11\/saulx-les-chartreux-2.jpg\" alt=\"\">\n                    <\/div>\n\n                    <div class=\"image-content\">\n                        <span class=\"h2\"><\/span>\n                        <div class=\"text\"><\/div>\n\n                                                    <a class=\"button  \" href=\"https:\/\/www.elephantbleu.com\/ma-station-de-lavage\/\">Trouver ma station de lavage El\u00e9phant Bleu<\/a>\n                                            <\/div>\n                <\/li>\n                    <\/ul>\n    <\/section>\n","protected":false},"excerpt":{"rendered":"<p>Les moyens de paiement disponible peuvent varier selon les \u00e9quipements de la station. Utilisez les filtres lors de votre recherche de station et s\u00e9lectionnez le mode de paiement souhait\u00e9.<\/p>\n","protected":false},"author":1,"featured_media":0,"parent":0,"menu_order":0,"comment_status":"closed","ping_status":"closed","template":"","meta":{"_acf_changed":false,"footnotes":""},"class_list":["post-10547","page","type-page","status-publish","hentry"],"acf":[],"yoast_head":"<!-- This site is optimized with the Yoast SEO plugin v27.2 - https:\/\/yoast.com\/product\/yoast-seo-wordpress\/ -->\n<title>Les moyens de paiement - Elephant-Bleu<\/title>\n<meta name=\"robots\" content=\"index, follow, max-snippet:-1, max-image-preview:large, max-video-preview:-1\" \/>\n<link rel=\"canonical\" href=\"https:\/\/www.elephantbleu.com\/fr-ch\/les-moyens-de-paiement\/\" \/>\n<meta property=\"og:locale\" content=\"fr_FR\" \/>\n<meta property=\"og:type\" content=\"article\" \/>\n<meta property=\"og:title\" content=\"Les moyens de paiement - Elephant-Bleu\" \/>\n<meta property=\"og:description\" content=\"Les moyens de paiement disponible peuvent varier selon les \u00e9quipements de la station. Utilisez les filtres lors de votre recherche de station et s\u00e9lectionnez le mode de paiement souhait\u00e9.\" \/>\n<meta property=\"og:url\" content=\"https:\/\/www.elephantbleu.com\/fr-ch\/les-moyens-de-paiement\/\" \/>\n<meta property=\"og:site_name\" content=\"Elephant-Bleu\" \/>\n<meta property=\"article:publisher\" content=\"https:\/\/fr-fr.facebook.com\/ElephantBleuOfficiel\/\" \/>\n<meta property=\"article:modified_time\" content=\"2025-05-23T09:13:46+00:00\" \/>\n<meta name=\"twitter:card\" content=\"summary_large_image\" \/>\n<meta name=\"twitter:label1\" content=\"Est. reading time\" \/>\n\t<meta name=\"twitter:data1\" content=\"1 minute\" \/>\n<script type=\"application\/ld+json\" class=\"yoast-schema-graph\">{\"@context\":\"https:\/\/schema.org\",\"@graph\":[{\"@type\":\"WebPage\",\"@id\":\"https:\/\/www.elephantbleu.com\/fr-ch\/les-moyens-de-paiement\/\",\"url\":\"https:\/\/www.elephantbleu.com\/fr-ch\/les-moyens-de-paiement\/\",\"name\":\"Les moyens de paiement - Elephant-Bleu\",\"isPartOf\":{\"@id\":\"https:\/\/www.elephantbleu.com\/fr-ch\/#website\"},\"datePublished\":\"2023-11-06T16:35:44+00:00\",\"dateModified\":\"2025-05-23T09:13:46+00:00\",\"breadcrumb\":{\"@id\":\"https:\/\/www.elephantbleu.com\/fr-ch\/les-moyens-de-paiement\/#breadcrumb\"},\"inLanguage\":\"fr-CH\",\"potentialAction\":[{\"@type\":\"ReadAction\",\"target\":[\"https:\/\/www.elephantbleu.com\/fr-ch\/les-moyens-de-paiement\/\"]}]},{\"@type\":\"BreadcrumbList\",\"@id\":\"https:\/\/www.elephantbleu.com\/fr-ch\/les-moyens-de-paiement\/#breadcrumb\",\"itemListElement\":[{\"@type\":\"ListItem\",\"position\":1,\"name\":\"Home\",\"item\":\"https:\/\/www.elephantbleu.com\/fr-ch\/\"},{\"@type\":\"ListItem\",\"position\":2,\"name\":\"Les moyens de paiement\"}]},{\"@type\":\"WebSite\",\"@id\":\"https:\/\/www.elephantbleu.com\/fr-ch\/#website\",\"url\":\"https:\/\/www.elephantbleu.com\/fr-ch\/\",\"name\":\"Elephant Bleu\",\"description\":\"\",\"publisher\":{\"@id\":\"https:\/\/www.elephantbleu.com\/fr-ch\/#organization\"},\"potentialAction\":[{\"@type\":\"SearchAction\",\"target\":{\"@type\":\"EntryPoint\",\"urlTemplate\":\"https:\/\/www.elephantbleu.com\/fr-ch\/?s={search_term_string}\"},\"query-input\":{\"@type\":\"PropertyValueSpecification\",\"valueRequired\":true,\"valueName\":\"search_term_string\"}}],\"inLanguage\":\"fr-CH\"},{\"@type\":\"Organization\",\"@id\":\"https:\/\/www.elephantbleu.com\/fr-ch\/#organization\",\"name\":\"Elephant Bleu\",\"url\":\"https:\/\/www.elephantbleu.com\/fr-ch\/\",\"logo\":{\"@type\":\"ImageObject\",\"inLanguage\":\"fr-CH\",\"@id\":\"https:\/\/www.elephantbleu.com\/fr-ch\/#\/schema\/logo\/image\/\",\"url\":\"https:\/\/www.elephantbleu.com\/wp-content\/uploads\/2024\/01\/conseils-de-lelephant-02.png\",\"contentUrl\":\"https:\/\/www.elephantbleu.com\/wp-content\/uploads\/2024\/01\/conseils-de-lelephant-02.png\",\"width\":200,\"height\":200,\"caption\":\"Elephant Bleu\"},\"image\":{\"@id\":\"https:\/\/www.elephantbleu.com\/fr-ch\/#\/schema\/logo\/image\/\"},\"sameAs\":[\"https:\/\/fr-fr.facebook.com\/ElephantBleuOfficiel\/\",\"https:\/\/fr.linkedin.com\/company\/elephant-bleu-franchise\"]}]}<\/script>\n<!-- \/ Yoast SEO plugin. -->","yoast_head_json":{"title":"Les moyens de paiement - Elephant-Bleu","robots":{"index":"index","follow":"follow","max-snippet":"max-snippet:-1","max-image-preview":"max-image-preview:large","max-video-preview":"max-video-preview:-1"},"canonical":"https:\/\/www.elephantbleu.com\/fr-ch\/les-moyens-de-paiement\/","og_locale":"fr_FR","og_type":"article","og_title":"Les moyens de paiement - Elephant-Bleu","og_description":"Les moyens de paiement disponible peuvent varier selon les \u00e9quipements de la station. Utilisez les filtres lors de votre recherche de station et s\u00e9lectionnez le mode de paiement souhait\u00e9.","og_url":"https:\/\/www.elephantbleu.com\/fr-ch\/les-moyens-de-paiement\/","og_site_name":"Elephant-Bleu","article_publisher":"https:\/\/fr-fr.facebook.com\/ElephantBleuOfficiel\/","article_modified_time":"2025-05-23T09:13:46+00:00","twitter_card":"summary_large_image","twitter_misc":{"Est. reading time":"1 minute"},"schema":{"@context":"https:\/\/schema.org","@graph":[{"@type":"WebPage","@id":"https:\/\/www.elephantbleu.com\/fr-ch\/les-moyens-de-paiement\/","url":"https:\/\/www.elephantbleu.com\/fr-ch\/les-moyens-de-paiement\/","name":"Les moyens de paiement - Elephant-Bleu","isPartOf":{"@id":"https:\/\/www.elephantbleu.com\/fr-ch\/#website"},"datePublished":"2023-11-06T16:35:44+00:00","dateModified":"2025-05-23T09:13:46+00:00","breadcrumb":{"@id":"https:\/\/www.elephantbleu.com\/fr-ch\/les-moyens-de-paiement\/#breadcrumb"},"inLanguage":"fr-CH","potentialAction":[{"@type":"ReadAction","target":["https:\/\/www.elephantbleu.com\/fr-ch\/les-moyens-de-paiement\/"]}]},{"@type":"BreadcrumbList","@id":"https:\/\/www.elephantbleu.com\/fr-ch\/les-moyens-de-paiement\/#breadcrumb","itemListElement":[{"@type":"ListItem","position":1,"name":"Home","item":"https:\/\/www.elephantbleu.com\/fr-ch\/"},{"@type":"ListItem","position":2,"name":"Les moyens de paiement"}]},{"@type":"WebSite","@id":"https:\/\/www.elephantbleu.com\/fr-ch\/#website","url":"https:\/\/www.elephantbleu.com\/fr-ch\/","name":"Elephant Bleu","description":"","publisher":{"@id":"https:\/\/www.elephantbleu.com\/fr-ch\/#organization"},"potentialAction":[{"@type":"SearchAction","target":{"@type":"EntryPoint","urlTemplate":"https:\/\/www.elephantbleu.com\/fr-ch\/?s={search_term_string}"},"query-input":{"@type":"PropertyValueSpecification","valueRequired":true,"valueName":"search_term_string"}}],"inLanguage":"fr-CH"},{"@type":"Organization","@id":"https:\/\/www.elephantbleu.com\/fr-ch\/#organization","name":"Elephant Bleu","url":"https:\/\/www.elephantbleu.com\/fr-ch\/","logo":{"@type":"ImageObject","inLanguage":"fr-CH","@id":"https:\/\/www.elephantbleu.com\/fr-ch\/#\/schema\/logo\/image\/","url":"https:\/\/www.elephantbleu.com\/wp-content\/uploads\/2024\/01\/conseils-de-lelephant-02.png","contentUrl":"https:\/\/www.elephantbleu.com\/wp-content\/uploads\/2024\/01\/conseils-de-lelephant-02.png","width":200,"height":200,"caption":"Elephant Bleu"},"image":{"@id":"https:\/\/www.elephantbleu.com\/fr-ch\/#\/schema\/logo\/image\/"},"sameAs":["https:\/\/fr-fr.facebook.com\/ElephantBleuOfficiel\/","https:\/\/fr.linkedin.com\/company\/elephant-bleu-franchise"]}]}},"_links":{"self":[{"href":"https:\/\/www.elephantbleu.com\/fr-ch\/wp-json\/wp\/v2\/pages\/10547","targetHints":{"allow":["GET"]}}],"collection":[{"href":"https:\/\/www.elephantbleu.com\/fr-ch\/wp-json\/wp\/v2\/pages"}],"about":[{"href":"https:\/\/www.elephantbleu.com\/fr-ch\/wp-json\/wp\/v2\/types\/page"}],"author":[{"embeddable":true,"href":"https:\/\/www.elephantbleu.com\/fr-ch\/wp-json\/wp\/v2\/users\/1"}],"replies":[{"embeddable":true,"href":"https:\/\/www.elephantbleu.com\/fr-ch\/wp-json\/wp\/v2\/comments?post=10547"}],"version-history":[{"count":14,"href":"https:\/\/www.elephantbleu.com\/fr-ch\/wp-json\/wp\/v2\/pages\/10547\/revisions"}],"predecessor-version":[{"id":19742,"href":"https:\/\/www.elephantbleu.com\/fr-ch\/wp-json\/wp\/v2\/pages\/10547\/revisions\/19742"}],"wp:attachment":[{"href":"https:\/\/www.elephantbleu.com\/fr-ch\/wp-json\/wp\/v2\/media?parent=10547"}],"curies":[{"name":"wp","href":"https:\/\/api.w.org\/{rel}","templated":true}]}}