{"id":10545,"date":"2023-11-06T16:38:27","date_gmt":"2023-11-06T16:38:27","guid":{"rendered":"https:\/\/www.elephantbleu.com\/lapplication-elephant-bleu\/"},"modified":"2025-03-27T12:18:28","modified_gmt":"2025-03-27T12:18:28","slug":"lapplication-elephant-bleu","status":"publish","type":"page","link":"https:\/\/www.elephantbleu.com\/fr-ch\/lapplication-elephant-bleu\/","title":{"rendered":"L&#8217;application mobile \u00c9l\u00e9phant Bleu"},"content":{"rendered":"    <section class=\"text-image-button-container has-background bg-yellow\" data-aos=\"fade-up\" data-aos-offset=\"250\" data-aos-duration=\"1000\">\n        <div class=\"w-full lg:w-3\/5\">\n            <h2 class=\"h2 pb-5\">\n                <span class=\"span-has-blue-200-color\">Payez votre lavage avec  l\u2019Application mobile !<\/span>\n            <\/h2>\n\n            <div class=\"flex flex-col gap-4\">\n                <p>Scannez le QR Code, lavez et profitez des avantages de l&#8217;application mobile<br \/>\nsur tous les services du centre !<\/p>\n<p><strong>Gain de temps, praticit\u00e9 <\/strong><strong>et offres exclusives vous attendent !<\/strong><\/p>\n\n            <\/div>\n        <\/div>\n\n        <div class=\"w-full flex justify-center lg:w-2\/5\">\n            <picture>\n                <source srcset=\" 1x\" media=\"(max-width: 1024px)\">\n                <img decoding=\"async\" src=\"https:\/\/www.elephantbleu.com\/wp-content\/uploads\/2023\/11\/trompe.png\" alt=\"\" >\n            <\/picture>\n\n            <div class=\"button js-tingle-modal-qrcode \">\n                \n\n                <div class=\"js-tingle-modal-content hidden\">\n                    <div class=\"image-container\">\n                        <img decoding=\"async\" src=\"https:\/\/www.elephantbleu.com\/wp-content\/uploads\/2023\/12\/QR-code-app.jpg\" alt=\"\">\n                    <\/div>\n\n                    <span class=\"text\">Scannez le QR Code pour t\u00e9l\u00e9charger l&#8217;application \u00e9l\u00e9phant bleu<\/span>\n                <\/div>\n            <\/div>\n        <\/div>\n    <\/section>\n\n\n    \n    <section class=\"card-ctit-container \" data-aos=\"fade-up\" data-aos-offset=\"250\" data-aos-duration=\"1000\">\n        <ul class=\"list\">\n                            <li class=\"item\">\n                    <h3 class=\"h3\">PRATIQUE<\/h3>\n\n                    <div class=\"image-container relative\">\n                                                    <img decoding=\"async\" src=\"https:\/\/www.elephantbleu.com\/wp-content\/themes\/elephant-bleu\/dist\/img\/arrow-left.png\" alt=\"fl\u00e8che gauche\" class=\"arrow-left\">\n                        \n                        <picture class=\"flex justify-center w-full\">\n                            <img decoding=\"async\" src=\"https:\/\/www.elephantbleu.com\/wp-content\/uploads\/2023\/11\/Image-56.png\" alt=\"\"  class=\"object-contain h-28 aspect-square\">\n                        <\/picture>\n\n                                                    <img decoding=\"async\" src=\"https:\/\/www.elephantbleu.com\/wp-content\/themes\/elephant-bleu\/dist\/img\/arrow-right.png\" alt=\"fl\u00e8che droite\" class=\"arrow-right\">\n                                            <\/div>\n\n                    <span class=\"text-xl leading-none font-bold text-blue-200 w-3\/4\">Je paie avec mon smartphone que j\u2019ai toujours sur moi<\/span>\n                    <span class=\"text w-3\/4\"><\/span>\n                <\/li>\n                            <li class=\"item\">\n                    <h3 class=\"h3\">SIMPLE<\/h3>\n\n                    <div class=\"image-container relative\">\n                        \n                        <picture class=\"flex justify-center w-full\">\n                            <img decoding=\"async\" src=\"https:\/\/www.elephantbleu.com\/wp-content\/uploads\/2023\/11\/Groupe-980.png\" alt=\"\"  class=\"object-contain h-28 aspect-square\">\n                        <\/picture>\n\n                                            <\/div>\n\n                    <span class=\"text-xl leading-none font-bold text-blue-200 w-3\/4\">Pas besoin d\u2019acheter un cr\u00e9dit de lavage \u00e0 l\u2019avance<\/span>\n                    <span class=\"text w-3\/4\"><p>je paie uniquement pour mon lavage du jour<\/p>\n<\/span>\n                <\/li>\n                            <li class=\"item\">\n                    <h3 class=\"h3\">PLEINE DE SURPRISES<\/h3>\n\n                    <div class=\"image-container relative\">\n                        \n                        <picture class=\"flex justify-center w-full\">\n                            <img decoding=\"async\" src=\"https:\/\/www.elephantbleu.com\/wp-content\/uploads\/2023\/11\/Groupe-1085.png\" alt=\"\"  class=\"object-contain h-28 aspect-square\">\n                        <\/picture>\n\n                                            <\/div>\n\n                    <span class=\"text-xl leading-none font-bold text-blue-200 w-3\/4\">Je suis r\u00e9compens\u00e9 pour ma fid\u00e9lit\u00e9<\/span>\n                    <span class=\"text w-3\/4\"><p>\u00e0 mon anniversaire, pour mon anciennet\u00e9&#8230;<\/p>\n<\/span>\n                <\/li>\n                    <\/ul>\n    <\/section>\n\n\n\n<div class=\"title\"><h2 class=\"lg\" ><center>D\u00c9COUVREZ TOUS LES AVANTAGES DU PROGRAMME DE FID\u00c9LITE !\u200b<\/center><\/h2><\/div>\n\n\n<section class=\"section-y-12 app my-10\" data-aos=\"fade-up\" data-aos-offset=\"-250\" data-aos-duration=\"1000\">\n    <div class=\"splide splide__app\" data-arrow-color=\"#F7D748\">\n        <div class=\"splide__track\">\n            <ul class=\"splide__list\">\n                                    <li class=\"splide__slide\">\n                        \n                            <div class=\"splide__slide__content has-background bg-blue-500\">\n                                                                <img decoding=\"async\" src=\"https:\/\/www.elephantbleu.com\/wp-content\/uploads\/2023\/11\/Image-1.png\" alt=\"\">\n                                <p class=\"splide__slide__title has-text-color has-yellow-color\">Payez avec l&#8217;app et b\u00e9n\u00e9ficiez de remises exclusives !<\/p>\n                            <\/div>\n\n                                                <\/li>\n                                    <li class=\"splide__slide\">\n                        \n                            <div class=\"splide__slide__content has-background bg-blue-500\">\n                                                                <img decoding=\"async\" src=\"https:\/\/www.elephantbleu.com\/wp-content\/uploads\/2024\/01\/cadeau-2-1.png\" alt=\"\">\n                                <p class=\"splide__slide__title has-text-color has-yellow-color\">10% de remise toute l&#8217;ann\u00e9e et \u00e0 chaque passage en station<\/p>\n                            <\/div>\n\n                                                <\/li>\n                                    <li class=\"splide__slide\">\n                        \n                            <div class=\"splide__slide__content has-background bg-blue-500\">\n                                                                <img decoding=\"async\" src=\"https:\/\/www.elephantbleu.com\/wp-content\/uploads\/2024\/01\/parrain.png\" alt=\"\">\n                                <p class=\"splide__slide__title has-text-color has-yellow-color\">Parrainez un ami et gagnez 4CHF !<\/p>\n                            <\/div>\n\n                                                <\/li>\n                            <\/ul>\n        <\/div>\n    <\/div>\n<\/section>\n\n\n    <section id=\"offre-container\" class=\"offre-container flex flex-col gap-16\" data-aos=\"fade-up\" data-aos-offset=\"250\" data-aos-duration=\"1000\">\n        <div class=\"flex flex-col gap-16 lg:flex-row\">\n            <div class=\"flex flex-col w-full lg:w-2\/4 relative p-8 rounded-3xl h-full has-background bg-yellow\">\n                <div class=\"flex flex-col text-center lg:text-left\">\n                    <span class=\"text-5xl uppercase font-bold lg:text-7xl\"><span style=\"color: #40b0e1;\">10%<\/span> de remise*<\/span>\n                    <span class=\"text-3xl uppercase font-bold lg:text-4xl span-has-blue-200-color\" data-tooltip-content=\"\">sur tous les services de mon centre !<\/span>\n                <\/div>\n\n                <div class=\"flex flex-col justify-between mt-8 lg:flex-row\">\n                    <span class=\"text-2xl font-bold w-full mb-8 text-center lg:text-left lg:w-3\/5 lg:mb-0\"><p>Et encore bien d\u2019autres avantages en payant avec l\u2019app : programme de fid\u00e9lit\u00e9, promotions exclusives&#8230;<\/p>\n<\/span>\n                    <div class=\"container-image w-fit mx-auto lg:w-2\/5 lg:max-h-48\">\n                        <img decoding=\"async\" class=\"h-full\" src=\"https:\/\/www.elephantbleu.com\/wp-content\/uploads\/2024\/05\/Groupe-1093-300x173-1.png\" alt=\"\">\n                    <\/div>\n                <\/div>\n            <\/div>\n\n            <div class=\"flex flex-col w-full lg:w-2\/4\">\n                <span class=\"h2 mb-8 text-center lg:text-left span-has-blue-200-color\"><span>Comment<\/span> Cr\u00e9er mon compte ?<\/span>\n\n                <ul class=\"flex flex-col\">\n                                            <li class=\"flex mb-4\">\n                            <span class=\"mr-2 has-background bg-yellow has-white-color rounded-full w-7 h-7 text-sm flex font-bold items-center justify-center\">1<\/span>\n                            <span class=\"text-lg flex-1\">T\u00e9l\u00e9chargez l\u2019application mobile via le store de votre smartphone (iOS ou Android)<\/span>\n                        <\/li>\n                                            <li class=\"flex mb-4\">\n                            <span class=\"mr-2 has-background bg-yellow has-white-color rounded-full w-7 h-7 text-sm flex font-bold items-center justify-center\">2<\/span>\n                            <span class=\"text-lg flex-1\">Cr\u00e9ez votre compte en renseignant votre adresse mail, votre mot de passe et votre centre pr\u00e9f\u00e9r\u00e9<\/span>\n                        <\/li>\n                                            <li class=\"flex mb-4\">\n                            <span class=\"mr-2 has-background bg-yellow has-white-color rounded-full w-7 h-7 text-sm flex font-bold items-center justify-center\">3<\/span>\n                            <span class=\"text-lg flex-1\">Renseignez votre carte bancaire<\/span>\n                        <\/li>\n                                            <li class=\"flex mb-4\">\n                            <span class=\"mr-2 has-background bg-yellow has-white-color rounded-full w-7 h-7 text-sm flex font-bold items-center justify-center\">4<\/span>\n                            <span class=\"text-lg flex-1\">Validez votre compte en cliquant sur le lien envoy\u00e9 par email<\/span>\n                        <\/li>\n                                            <li class=\"flex mb-4\">\n                            <span class=\"mr-2 has-background bg-yellow has-white-color rounded-full w-7 h-7 text-sm flex font-bold items-center justify-center\">5<\/span>\n                            <span class=\"text-lg flex-1\">Vous pouvez laver !<\/span>\n                        <\/li>\n                                    <\/ul>\n\n                                    <div class=\"button js-tingle-modal-qrcode mx-auto mt-4 w-fit lg:mx-0 has-background bg-yellow has-text-color has-blue-500-color\">\n                        T\u00e9l\u00e9charger l\u2019app\n\n                        <div class=\"hidden js-tingle-modal-content\">\n                            <div class=\"image-container\">\n                                <img decoding=\"async\" src=\"https:\/\/www.elephantbleu.com\/wp-content\/uploads\/2023\/12\/QR-code-app.jpg\" alt=\"\">\n                            <\/div>\n\n                            <span class=\"text\">Scannez le QR Code pour t\u00e9l\u00e9charger l&#8217;application \u00e9l\u00e9phant bleu<\/span>\n                        <\/div>\n                    <\/div>\n                            <\/div>\n        <\/div>\n\n        <div class=\"leading-none text-justify\">\n            <p>*<span data-teams=\"true\"><i>Offre valable uniquement par paiement avec l\u2019application mobile El\u00e9phant Bleu, dans tous les centres de Suisse \u00e9quip\u00e9s du paiement avec l\u2019application mobile, sur tous les \u00e9quipements \u00e9quip\u00e9s de l\u2019application mobile (sous r\u00e9serve de disponibilit\u00e9 des \u00e9quipements) et valable jusqu\u2019au 31\/12\/2025. Sous r\u00e9serve d\u2019avoir confirm\u00e9 la cr\u00e9ation de son compte en validant son adresse email, il est automatiquement propos\u00e9 une r\u00e9duction d\u2019une valeur de 10% sur la prestation de lavage pay\u00e9e via l\u2019application mobile. Offre non cumulable avec toute autre offre, r\u00e9duction ou promotion d\u00e9j\u00e0 en vigueur ; offre non substituable.<\/i><\/span><\/p>\n\n        <\/div>\n    <\/section>\n\n\n\n<section class=\"image-title-text-button-container mb-16\" data-aos=\"fade-up\" data-aos-offset=\"250\" data-aos-duration=\"1000\">\n    \n            <span class=\"h2\">Parrainez vos amis et offrez leur 4CHF gr\u00e2ce \u00e0 votre code parrainage El\u00e9phant Bleu !<\/span>\n    \n    <div class=\"content-container gauche\">\n        <div class=\"flex flex-col items-center w-full image xl:w-5\/12\">\n            <div class=\"relative flex items-center justify-center w-full\">\n                <div class=\"overflow-hidden video rounded-2xl\">\n                    <iframe loading=\"lazy\" width=\"315\" height=\"560\" src=\"https:\/\/www.youtube.com\/embed\/ZiL80EZ6zuk\/edit?modestbranding=1&#038;playsinline=1&#038;showinfo=0&#038;rel=0\" title=\"YouTube video player\" frameborder=\"0\" allow=\"accelerometer; autoplay; clipboard-write; encrypted-media; gyroscope; picture-in-picture; web-share\" allowfullscreen><\/iframe>\n                <\/div>\n            <\/div>\n        <\/div>\n\n        <div class=\"flex flex-col order-1 w-full gap-8 xl:w-7\/12\">\n                            <div class=\"item flex flex-col \">\n                    \n                    <div class=\"h3\">Le principe est simple :<\/div>\n                    <div class=\"text\"><p>1. Transmettez votre code parrain, que vous trouvez dans l\u2019onglet <strong>Avantages<\/strong> puis <strong>Parrainer un ami<\/strong><\/p>\n<p>2. Votre ami <strong>t\u00e9l\u00e9charge l\u2019app<\/strong> et <strong>renseigne votre code parrain<\/strong> lors de la cr\u00e9ation de son compte<\/p>\n<p>3. Il se rend en station et lave pour un montant minimum de 5CHF hors remise<\/p>\n<p>4. Vous recevez tous les deux <strong>une remise de 4CHF<\/strong> valable pendant 2 mois !<\/p>\n<p><strong>De quoi faire des heureux \u2026 et des carrosseries toutes propres !<\/strong><\/p>\n<\/div>\n\n                                    <\/div>\n                    <\/div>\n    <\/div>\n<\/section>\n\n\n\n<section class=\"video-container cursor-pointer flex items-center justify-center relative overflow-hidden rounded-3xl mb-16 js-tingle-modal-video\" data-video=\"\" data-aos=\"fade-up\" data-aos-offset=\"250\" data-aos-duration=\"1000\">\n    <span class=\"absolute left-4 top-3 z-10 text-sm has-white-color font-bold uppercase w-full lg:w-2\/5 lg:text-3xl lg:left-8 lg:top-8\"><\/span>\n\n    <div class=\"w-full h-full\">\n        <img decoding=\"async\" class=\"object-contain\" src=\"\" alt=\"\">\n    <\/div>\n\n    <img decoding=\"async\" class=\"absolute z-10 w-6 lg:w-auto\" src=\"https:\/\/www.elephantbleu.com\/wp-content\/themes\/elephant-bleu\/dist\/img\/play.png\" alt=\"Ic\u00f4ne lecture\">\n<\/section>\n\n\n\n<div style=\"height:33px\" aria-hidden=\"true\" class=\"wp-block-spacer\"><\/div>\n\n\n\n    <section class=\"section-y-12 cardimg has-background bg-blue-500 justify-end\" data-aos=\"zoom-in\" data-aos-duration=\"1000\">\n        <picture>\n            <source srcset=\"https:\/\/www.elephantbleu.com\/wp-content\/uploads\/2023\/08\/Groupe-de-masques-45-mobile.png 1x\" media=\"(max-width: 639px)\">\n            <img decoding=\"async\" src=\"https:\/\/www.elephantbleu.com\/wp-content\/uploads\/2023\/08\/Groupe-de-masques-45-1.png\" alt=\"\"  class=\"absolute left-0 bottom-0 w-full sm:w-3\/4 lg:h-full lg:w-auto\">\n        <\/picture>\n        <div class=\"sm:px-14 lg-p-0 lg:w-3\/5 z-10\">\n            <h2 class=\"h2 pb-4\"><span class=\"span-has-green-color\">Lavage en station : <span style=\"color: #6ebc48;\">pr\u00e9servation et d\u00e9pollution de l&#8217;eau<\/span><\/span><\/h2>\n\n            <div class=\"cardimg__list\">\n                            <\/div>\n\n                            <section class=\"section-y-12 polluant has-background bg-blue-200\" data-aos=\"fade-up\" data-aos-duration=\"1000\" data-aos-id=\"polluantEvent\">\n    <div>\n        <p class=\"polluant__date\">Depuis le 01\/01\/2025<\/p>\n        <p class=\"polluant__title\">R\u00e9sidus polluants collect\u00e9s<\/p>\n    <\/div>\n\n    <div class=\"flex items-center gap-2\">\n        <div class=\"polluant__numbers\">\n            <span class=\"polluant__value\">3776<\/span>\n            <span class=\"polluant__unite\">tonnes<\/span>\n        <\/div>\n\n        <div class=\"relative tooltip-trigger\" data-tooltip-content=\"r\u00e9sidus polluants collect\u00e9s sur l'ensemble des 500 centres El\u00e9phant Bleu en France et en Suisse sur la base de 45 lavages en moyenne par jour par station et de 360 grammes de r\u00e9sidus polluants en moyenne collect\u00e9s apr\u00e8s chaque lavage\">\n            <svg viewBox=\"0 0 49 49\" class=\"w-7 h-7 md:w-12 md:h-12\">\n                <text transform=\"translate(19 33)\" fill=\"#fff\" font-size=\"20\" font-family=\"Futura-Bold, Futura\" font-weight=\"700\">\n                    <tspan x=\"0\" y=\"0\">?<\/tspan>\n                <\/text>\n                <g fill=\"none\" stroke=\"#fff\" stroke-width=\"1\">\n                    <circle cx=\"24.5\" cy=\"24.5\" r=\"24.5\" stroke=\"none\"\/>\n                    <circle cx=\"24.5\" cy=\"24.5\" r=\"24\" fill=\"none\"\/>\n                <\/g>\n            <\/svg>\n        <\/div>\n    <\/div>\n<\/section>\n            \n            <a href=\"https:\/\/www.elephantbleu.com\/fr-ch\/environnement\/\" class=\"button has-background bg-green\">En savoir plus<\/a>\n        <\/div>\n    <\/section>\n\n\n\n<p><\/p>\n","protected":false},"excerpt":{"rendered":"","protected":false},"author":1,"featured_media":0,"parent":0,"menu_order":0,"comment_status":"closed","ping_status":"closed","template":"","meta":{"_acf_changed":false,"footnotes":""},"class_list":["post-10545","page","type-page","status-publish","hentry"],"acf":[],"yoast_head":"<!-- This site is optimized with the Yoast SEO plugin v27.2 - https:\/\/yoast.com\/product\/yoast-seo-wordpress\/ -->\n<title>L&#039;application mobile \u00c9l\u00e9phant Bleu - Elephant-Bleu<\/title>\n<meta name=\"description\" content=\"Payez votre lavage avec l&#039;app El\u00e9phant Bleu \ud83d\udcf1 Gagnez du temps, cumulez des points fid\u00e9lit\u00e9 et b\u00e9n\u00e9ficiez de promos exclusives !\" \/>\n<meta name=\"robots\" content=\"index, follow, max-snippet:-1, max-image-preview:large, max-video-preview:-1\" \/>\n<link rel=\"canonical\" href=\"https:\/\/www.elephantbleu.com\/fr-ch\/lapplication-elephant-bleu\/\" \/>\n<meta property=\"og:locale\" content=\"fr_FR\" \/>\n<meta property=\"og:type\" content=\"article\" \/>\n<meta property=\"og:title\" content=\"L&#039;application mobile \u00c9l\u00e9phant Bleu - Elephant-Bleu\" \/>\n<meta property=\"og:description\" content=\"Payez votre lavage avec l&#039;app El\u00e9phant Bleu \ud83d\udcf1 Gagnez du temps, cumulez des points fid\u00e9lit\u00e9 et b\u00e9n\u00e9ficiez de promos exclusives !\" \/>\n<meta property=\"og:url\" content=\"https:\/\/www.elephantbleu.com\/fr-ch\/lapplication-elephant-bleu\/\" \/>\n<meta property=\"og:site_name\" content=\"Elephant-Bleu\" \/>\n<meta property=\"article:publisher\" content=\"https:\/\/fr-fr.facebook.com\/ElephantBleuOfficiel\/\" \/>\n<meta property=\"article:modified_time\" content=\"2025-03-27T12:18:28+00:00\" \/>\n<meta name=\"twitter:card\" content=\"summary_large_image\" \/>\n<script type=\"application\/ld+json\" class=\"yoast-schema-graph\">{\"@context\":\"https:\/\/schema.org\",\"@graph\":[{\"@type\":\"WebPage\",\"@id\":\"https:\/\/www.elephantbleu.com\/fr-ch\/lapplication-elephant-bleu\/\",\"url\":\"https:\/\/www.elephantbleu.com\/fr-ch\/lapplication-elephant-bleu\/\",\"name\":\"L'application mobile \u00c9l\u00e9phant Bleu - Elephant-Bleu\",\"isPartOf\":{\"@id\":\"https:\/\/www.elephantbleu.com\/fr-ch\/#website\"},\"datePublished\":\"2023-11-06T16:38:27+00:00\",\"dateModified\":\"2025-03-27T12:18:28+00:00\",\"description\":\"Payez votre lavage avec l'app El\u00e9phant Bleu \ud83d\udcf1 Gagnez du temps, cumulez des points fid\u00e9lit\u00e9 et b\u00e9n\u00e9ficiez de promos exclusives !\",\"breadcrumb\":{\"@id\":\"https:\/\/www.elephantbleu.com\/fr-ch\/lapplication-elephant-bleu\/#breadcrumb\"},\"inLanguage\":\"fr-CH\",\"potentialAction\":[{\"@type\":\"ReadAction\",\"target\":[\"https:\/\/www.elephantbleu.com\/fr-ch\/lapplication-elephant-bleu\/\"]}]},{\"@type\":\"BreadcrumbList\",\"@id\":\"https:\/\/www.elephantbleu.com\/fr-ch\/lapplication-elephant-bleu\/#breadcrumb\",\"itemListElement\":[{\"@type\":\"ListItem\",\"position\":1,\"name\":\"Home\",\"item\":\"https:\/\/www.elephantbleu.com\/fr-ch\/\"},{\"@type\":\"ListItem\",\"position\":2,\"name\":\"L&#8217;application mobile \u00c9l\u00e9phant Bleu\"}]},{\"@type\":\"WebSite\",\"@id\":\"https:\/\/www.elephantbleu.com\/fr-ch\/#website\",\"url\":\"https:\/\/www.elephantbleu.com\/fr-ch\/\",\"name\":\"Elephant Bleu\",\"description\":\"\",\"publisher\":{\"@id\":\"https:\/\/www.elephantbleu.com\/fr-ch\/#organization\"},\"potentialAction\":[{\"@type\":\"SearchAction\",\"target\":{\"@type\":\"EntryPoint\",\"urlTemplate\":\"https:\/\/www.elephantbleu.com\/fr-ch\/?s={search_term_string}\"},\"query-input\":{\"@type\":\"PropertyValueSpecification\",\"valueRequired\":true,\"valueName\":\"search_term_string\"}}],\"inLanguage\":\"fr-CH\"},{\"@type\":\"Organization\",\"@id\":\"https:\/\/www.elephantbleu.com\/fr-ch\/#organization\",\"name\":\"Elephant Bleu\",\"url\":\"https:\/\/www.elephantbleu.com\/fr-ch\/\",\"logo\":{\"@type\":\"ImageObject\",\"inLanguage\":\"fr-CH\",\"@id\":\"https:\/\/www.elephantbleu.com\/fr-ch\/#\/schema\/logo\/image\/\",\"url\":\"https:\/\/www.elephantbleu.com\/wp-content\/uploads\/2024\/01\/conseils-de-lelephant-02.png\",\"contentUrl\":\"https:\/\/www.elephantbleu.com\/wp-content\/uploads\/2024\/01\/conseils-de-lelephant-02.png\",\"width\":200,\"height\":200,\"caption\":\"Elephant Bleu\"},\"image\":{\"@id\":\"https:\/\/www.elephantbleu.com\/fr-ch\/#\/schema\/logo\/image\/\"},\"sameAs\":[\"https:\/\/fr-fr.facebook.com\/ElephantBleuOfficiel\/\",\"https:\/\/fr.linkedin.com\/company\/elephant-bleu-franchise\"]}]}<\/script>\n<!-- \/ Yoast SEO plugin. -->","yoast_head_json":{"title":"L'application mobile \u00c9l\u00e9phant Bleu - Elephant-Bleu","description":"Payez votre lavage avec l'app El\u00e9phant Bleu \ud83d\udcf1 Gagnez du temps, cumulez des points fid\u00e9lit\u00e9 et b\u00e9n\u00e9ficiez de promos exclusives !","robots":{"index":"index","follow":"follow","max-snippet":"max-snippet:-1","max-image-preview":"max-image-preview:large","max-video-preview":"max-video-preview:-1"},"canonical":"https:\/\/www.elephantbleu.com\/fr-ch\/lapplication-elephant-bleu\/","og_locale":"fr_FR","og_type":"article","og_title":"L'application mobile \u00c9l\u00e9phant Bleu - Elephant-Bleu","og_description":"Payez votre lavage avec l'app El\u00e9phant Bleu \ud83d\udcf1 Gagnez du temps, cumulez des points fid\u00e9lit\u00e9 et b\u00e9n\u00e9ficiez de promos exclusives !","og_url":"https:\/\/www.elephantbleu.com\/fr-ch\/lapplication-elephant-bleu\/","og_site_name":"Elephant-Bleu","article_publisher":"https:\/\/fr-fr.facebook.com\/ElephantBleuOfficiel\/","article_modified_time":"2025-03-27T12:18:28+00:00","twitter_card":"summary_large_image","schema":{"@context":"https:\/\/schema.org","@graph":[{"@type":"WebPage","@id":"https:\/\/www.elephantbleu.com\/fr-ch\/lapplication-elephant-bleu\/","url":"https:\/\/www.elephantbleu.com\/fr-ch\/lapplication-elephant-bleu\/","name":"L'application mobile \u00c9l\u00e9phant Bleu - Elephant-Bleu","isPartOf":{"@id":"https:\/\/www.elephantbleu.com\/fr-ch\/#website"},"datePublished":"2023-11-06T16:38:27+00:00","dateModified":"2025-03-27T12:18:28+00:00","description":"Payez votre lavage avec l'app El\u00e9phant Bleu \ud83d\udcf1 Gagnez du temps, cumulez des points fid\u00e9lit\u00e9 et b\u00e9n\u00e9ficiez de promos exclusives !","breadcrumb":{"@id":"https:\/\/www.elephantbleu.com\/fr-ch\/lapplication-elephant-bleu\/#breadcrumb"},"inLanguage":"fr-CH","potentialAction":[{"@type":"ReadAction","target":["https:\/\/www.elephantbleu.com\/fr-ch\/lapplication-elephant-bleu\/"]}]},{"@type":"BreadcrumbList","@id":"https:\/\/www.elephantbleu.com\/fr-ch\/lapplication-elephant-bleu\/#breadcrumb","itemListElement":[{"@type":"ListItem","position":1,"name":"Home","item":"https:\/\/www.elephantbleu.com\/fr-ch\/"},{"@type":"ListItem","position":2,"name":"L&#8217;application mobile \u00c9l\u00e9phant Bleu"}]},{"@type":"WebSite","@id":"https:\/\/www.elephantbleu.com\/fr-ch\/#website","url":"https:\/\/www.elephantbleu.com\/fr-ch\/","name":"Elephant Bleu","description":"","publisher":{"@id":"https:\/\/www.elephantbleu.com\/fr-ch\/#organization"},"potentialAction":[{"@type":"SearchAction","target":{"@type":"EntryPoint","urlTemplate":"https:\/\/www.elephantbleu.com\/fr-ch\/?s={search_term_string}"},"query-input":{"@type":"PropertyValueSpecification","valueRequired":true,"valueName":"search_term_string"}}],"inLanguage":"fr-CH"},{"@type":"Organization","@id":"https:\/\/www.elephantbleu.com\/fr-ch\/#organization","name":"Elephant Bleu","url":"https:\/\/www.elephantbleu.com\/fr-ch\/","logo":{"@type":"ImageObject","inLanguage":"fr-CH","@id":"https:\/\/www.elephantbleu.com\/fr-ch\/#\/schema\/logo\/image\/","url":"https:\/\/www.elephantbleu.com\/wp-content\/uploads\/2024\/01\/conseils-de-lelephant-02.png","contentUrl":"https:\/\/www.elephantbleu.com\/wp-content\/uploads\/2024\/01\/conseils-de-lelephant-02.png","width":200,"height":200,"caption":"Elephant Bleu"},"image":{"@id":"https:\/\/www.elephantbleu.com\/fr-ch\/#\/schema\/logo\/image\/"},"sameAs":["https:\/\/fr-fr.facebook.com\/ElephantBleuOfficiel\/","https:\/\/fr.linkedin.com\/company\/elephant-bleu-franchise"]}]}},"_links":{"self":[{"href":"https:\/\/www.elephantbleu.com\/fr-ch\/wp-json\/wp\/v2\/pages\/10545","targetHints":{"allow":["GET"]}}],"collection":[{"href":"https:\/\/www.elephantbleu.com\/fr-ch\/wp-json\/wp\/v2\/pages"}],"about":[{"href":"https:\/\/www.elephantbleu.com\/fr-ch\/wp-json\/wp\/v2\/types\/page"}],"author":[{"embeddable":true,"href":"https:\/\/www.elephantbleu.com\/fr-ch\/wp-json\/wp\/v2\/users\/1"}],"replies":[{"embeddable":true,"href":"https:\/\/www.elephantbleu.com\/fr-ch\/wp-json\/wp\/v2\/comments?post=10545"}],"version-history":[{"count":45,"href":"https:\/\/www.elephantbleu.com\/fr-ch\/wp-json\/wp\/v2\/pages\/10545\/revisions"}],"predecessor-version":[{"id":19074,"href":"https:\/\/www.elephantbleu.com\/fr-ch\/wp-json\/wp\/v2\/pages\/10545\/revisions\/19074"}],"wp:attachment":[{"href":"https:\/\/www.elephantbleu.com\/fr-ch\/wp-json\/wp\/v2\/media?parent=10545"}],"curies":[{"name":"wp","href":"https:\/\/api.w.org\/{rel}","templated":true}]}}