{"id":10539,"date":"2023-11-22T10:25:15","date_gmt":"2023-11-22T10:25:15","guid":{"rendered":"https:\/\/www.elephantbleu.com\/nous-rejoindre\/"},"modified":"2026-02-26T10:31:13","modified_gmt":"2026-02-26T10:31:13","slug":"nous-rejoindre","status":"publish","type":"page","link":"https:\/\/www.elephantbleu.com\/fr-ch\/nous-rejoindre\/","title":{"rendered":"Offres d&#8217;emploi"},"content":{"rendered":"\n<div style=\"height:48px\" aria-hidden=\"true\" class=\"wp-block-spacer\"><\/div>\n\n\n            \n    <section class=\"image-title-text-button-container    mb-16\" data-aos=\"fade-up\" data-aos-offset=\"250\" data-aos-duration=\"1000\">\n        \n                    <span class=\"h2\">Des engagements forts<\/span>\n        \n        <div class=\"content-container droite\">\n                            <div class=\"image flex flex-col items-center w-full xl:w-5\/12\">\n                    <div class=\"relative w-full flex items-center justify-center rounded-3xl overflow-hidden\">\n                                                    <div class=\"image_container w-full h-full\">\n                                <img decoding=\"async\" class=\"w-full object-contain\" src=\"https:\/\/www.elephantbleu.com\/wp-content\/uploads\/2024\/01\/humain.jpg\" alt=\"\">\n                            <\/div>\n\n                                                                        <\/div>\n                <\/div>\n            \n            <div class=\"flex flex-col w-full gap-8 order-1 xl:w-7\/12\">\n                                    <div class=\"item flex flex-col \">\n                        \n                        <div class=\"h3\">L&#8217;humain au coeur de nos pr\u00e9occupations<\/div>\n                        <div class=\"text\"><p>Pour obtenir la plus haute performance collective dans la dur\u00e9e, les collaborateurs de l\u2019entreprise doivent trouver des conditions et une ambiance de travail qui associent s\u00e9rieux, rigueur et convivialit\u00e9. Nous attachons une tr\u00e8s grande valeur \u00e0 l\u2019innovation, le d\u00e9passement de soi et la solidarit\u00e9.<\/p>\n<\/div>\n\n                                            <\/div>\n                            <\/div>\n        <\/div>\n    <\/section>\n\n\n            \n    <section class=\"image-title-text-button-container    mb-16\" data-aos=\"fade-up\" data-aos-offset=\"250\" data-aos-duration=\"1000\">\n        \n        \n        <div class=\"content-container gauche\">\n                            <div class=\"image flex flex-col items-center w-full xl:w-5\/12\">\n                    <div class=\"relative w-full flex items-center justify-center rounded-3xl overflow-hidden\">\n                                                    <div class=\"image_container w-full h-full\">\n                                <img decoding=\"async\" class=\"w-full object-contain\" src=\"https:\/\/www.elephantbleu.com\/wp-content\/uploads\/2024\/11\/343316735_237022322312148_4685681264457209004_n.png\" alt=\"\">\n                            <\/div>\n\n                                                                        <\/div>\n                <\/div>\n            \n            <div class=\"flex flex-col w-full gap-8 order-1 xl:w-7\/12\">\n                                    <div class=\"item flex flex-col \">\n                        \n                        <div class=\"h3\">Lavage en station : <span style=\"color: #6ebc48;\">pr\u00e9servation et d\u00e9pollution de l&#8217;eau<\/span><\/div>\n                        <div class=\"text\"><p>Chez El\u00e9phant Bleu, nous nous engageons \u00e0 limiter l\u2019impact environnemental de nos activit\u00e9s de lavage.<\/p>\n<p>Conscients de l\u2019importance de pr\u00e9server une ressource naturelle essentielle, nous adoptons des pratiques visant \u00e0 r\u00e9duire notre empreinte et \u00e0 <strong>traiter efficacement les eaux de lavage pour \u00e9liminer les polluants<\/strong>, conform\u00e9ment aux normes en vigueur.<\/p>\n<p>Nous am\u00e9liorons r\u00e9guli\u00e8rement nos m\u00e9thodes et notre organisation pour contribuer \u00e0 un avenir plus durable.<\/p>\n<\/div>\n\n                                                    <a class=\"button has-background bg-green\" href=\"https:\/\/www.elephantbleu.com\/environnement\/\">En savoir plus<\/a>\n                                            <\/div>\n                            <\/div>\n        <\/div>\n    <\/section>\n\n\n            \n    <section class=\"image-title-text-button-container    mb-16\" data-aos=\"fade-up\" data-aos-offset=\"250\" data-aos-duration=\"1000\">\n        \n        \n        <div class=\"content-container droite\">\n                            <div class=\"image flex flex-col items-center w-full xl:w-5\/12\">\n                    <div class=\"relative w-full flex items-center justify-center rounded-3xl overflow-hidden\">\n                                                    <div class=\"image_container w-full h-full\">\n                                <img decoding=\"async\" class=\"w-full object-contain\" src=\"https:\/\/www.elephantbleu.com\/wp-content\/uploads\/2024\/01\/portrait-collaborateur.jpg\" alt=\"\">\n                            <\/div>\n\n                                                                        <\/div>\n                <\/div>\n            \n            <div class=\"flex flex-col w-full gap-8 order-1 xl:w-7\/12\">\n                                    <div class=\"item flex flex-col \">\n                        \n                        <div class=\"h3\">Egalit\u00e9, diversit\u00e9 et inclusion<\/div>\n                        <div class=\"text\"><p>Nous nous engageons activement pour l\u2019\u00e9galit\u00e9, la diversit\u00e9 et l\u2019inclusion. Nos pratiques de recrutement int\u00e8grent une vigilance \u00e0 toutes les \u00e9tapes sur la non-discrimination et l\u2019inclusion.<br \/>\nTravailler dans le respect des uns et des autres est un pr\u00e9alable auquel nous attachons une grande importance.<\/p>\n<p>Index Homme\/Femmes : incalculable pour la p\u00e9riode du 01\/01\/2025 au 31\/12\/2025<b>.<\/b><br \/>\nLa publication de cet index, m\u00eame incalculable est un encouragement \u00e0 poursuivre les efforts. Nous r\u00e9it\u00e9rons ainsi notre engagement en ce sens.<\/p>\n<\/div>\n\n                                            <\/div>\n                            <\/div>\n        <\/div>\n    <\/section>\n\n\n\n<div class=\"title\"><h2 class=\"lg\" ><center>Pourquoi nous rejoindre ?<\/center><\/h2><\/div>\n\n\n    <section class=\"four-cards-container\" data-aos=\"fade-up\" data-aos-offset=\"250\" data-aos-duration=\"1000\">\n        \n                            <div class=\"splide splide-four-cards\">\n            \n            <div class=\"cards-container splide__track\">\n                <ul class=\"cards four-cards splide__list\">\n                                            <li class=\"p-8 card splide__slide\">\n                            <div class=\"number\">1<\/div>\n                            <div class=\"title\">Une carri\u00e8re sur-mesure<\/div>\n                            <span class=\"content\"><p>Nous nous engageons \u00e0 vous accompagner au travers d\u2019un parcours d\u2019int\u00e9gration riche et d\u2019un d\u00e9veloppement des comp\u00e9tences personnelles.<\/p>\n<\/span>\n                        <\/li>\n                                            <li class=\"p-8 card splide__slide\">\n                            <div class=\"number\">2<\/div>\n                            <div class=\"title\">Une entreprise humaine, responsable et solidaire<\/div>\n                            <span class=\"content\"><p>Vous aurez la possibilit\u00e9 d\u2019\u00e9voluer dans des \u00e9quipes \u00e0 taille humaine dans lesquelles chaque collaborateur a des responsabilit\u00e9s et une large autonomie. L\u2019ambiance conviviale au sein des \u00e9quipes favorise les \u00e9changes et les interactions entre nos services.<\/p>\n<\/span>\n                        <\/li>\n                                            <li class=\"p-8 card splide__slide\">\n                            <div class=\"number\">3<\/div>\n                            <div class=\"title\">Des bonnes conditions de travail<\/div>\n                            <span class=\"content\"><p>Acc\u00e9dez \u00e0 des conditions de travail de qualit\u00e9 favorisant la conciliation des vies professionnelles et personnelles (t\u00e9l\u00e9travail, horaires variables\u2026). La s\u00e9curit\u00e9 au travail constitue \u00e9galement l\u2019une des priorit\u00e9s du Groupe. <\/p>\n<\/span>\n                        <\/li>\n                                            <li class=\"p-8 card splide__slide\">\n                            <div class=\"number\">4<\/div>\n                            <div class=\"title\">Des formations de qualit\u00e9<\/div>\n                            <span class=\"content\"><p>L\u2019entreprise a obtenu en 2022 la <strong><a href=\"https:\/\/www.elephantbleu.com\/wp-content\/uploads\/2025\/01\/CERTIFICAT-N\u00b0QUA21080116-HYPROMAT-FRANCE-2025-2028.pdf\">certification Qualiopi<\/a><\/strong> et dispense des formations internes et externes pour ses Clients Franchis\u00e9s.<\/p>\n<p>Nous veillerons \u00e0 adapter vos comp\u00e9tences \u00e0 vos missions et \u00e0 vous transmettre une information r\u00e9guli\u00e8re sur les dispositifs vous permettant d\u2019\u00e9largir votre champ de comp\u00e9tences. Les formations \u00e0 la s\u00e9curit\u00e9 occupent un tiers de notre budget formation.<\/p>\n<\/span>\n                        <\/li>\n                                    <\/ul>\n            <\/div>\n\n                        <\/div>\n            <\/section>\n\n\n            \n    <section class=\"image-title-text-button-container  dark py-12 lg:py-20 mb-0\" data-aos=\"fade-up\" data-aos-offset=\"250\" data-aos-duration=\"1000\">\n                    <div class=\"background-color has-background bg-blue-200 \"><\/div>\n        \n        \n        <div class=\"content-container gauche\">\n                            <div class=\"image flex flex-col items-center w-full xl:w-5\/12\">\n                    <div class=\"relative w-full flex items-center justify-center rounded-3xl overflow-hidden\">\n                                                    \n                            <div class=\"cursor-pointer flex items-center justify-center relative overflow-hidden rounded-3xl mb-16 js-tingle-modal-video\" data-video=\"https:\/\/www.youtube.com\/watch?v=dPLXR0xmyKc\" data-aos=\"fade-up\" data-aos-offset=\"250\" data-aos-duration=\"1000\">\n                                <div class=\"w-full h-full\">\n                                    <img decoding=\"async\" class=\"object-contain\" src=\"https:\/\/www.elephantbleu.com\/wp-content\/uploads\/2023\/11\/visuel-job-TNM.jpg\" alt=\"\">\n                                <\/div>\n\n                                <img decoding=\"async\" class=\"absolute z-10 w-6 lg:w-auto\" src=\"https:\/\/www.elephantbleu.com\/wp-content\/themes\/elephant-bleu\/dist\/img\/play.png\" alt=\"Ic\u00f4ne lecture\">\n                            <\/div>\n                                            <\/div>\n                <\/div>\n            \n            <div class=\"flex flex-col w-full gap-8 order-1 xl:w-7\/12\">\n                                    <div class=\"item flex flex-col xl:pl-24\">\n                                                    <div class=\"arrow-mask\">\n                                <svg xmlns=\"http:\/\/www.w3.org\/2000\/svg\" width=\"77.851\" height=\"73.275\" viewbox=\"0 0 77.851 73.275\">\n                                    <g id=\"Groupe_1087\" data-name=\"Groupe 1087\" transform=\"translate(0 0)\">\n                                        <path id=\"Trac\u00e9_3476\" data-name=\"Trac\u00e9 3476\" d=\"M1.992,64.734,0,64.562C3.2,27.082,26.195,3.71,47.25,0L47.6,1.969C27.3,5.551,5.11,28.262,1.993,64.735Z\" transform=\"translate(0 44.132) rotate(-68)\" fill=\"#ffffff\"\/>\n                                        <path id=\"Trac\u00e9_3477\" data-name=\"Trac\u00e9 3477\" d=\"M5.352,10.711,0,1.176,2.09,0,5.82,6.637,11.191.75l1.773,1.617Z\" transform=\"translate(50.501 69.262) rotate(-68)\" fill=\"#ffffff\"\/>\n                                    <\/g>\n                                <\/svg>\n                            <\/div>\n                        \n                        <div class=\"h3\">D\u00e9couvrez le t\u00e9moignage de Julien et C\u00e9dric, techniciens Travaux Neufs et Maintenance<\/div>\n                        <div class=\"text\"><p>V\u00e9ritable acteur de notre r\u00e9seau El\u00e9phant Bleu, le technicien travaux neufs et maintenance est charg\u00e9 de garantir le bon fonctionnement des stations de lavage et participe aux montages et \u00e0 la r\u00e9alisation des transformations des centres.<\/p>\n<\/div>\n\n                                            <\/div>\n                            <\/div>\n        <\/div>\n    <\/section>\n\n\n    <section id=\"block-career-container\" class=\"block-career-container has-background bg-blue-500 has-white-color\" data-aos=\"fade-up\" data-aos-offset=\"250\" data-aos-duration=\"1000\">\n        <div class=\"background-color has-background bg-blue-500\"><\/div>\n\n        <h2 class=\"title h3 has-white-color\">Nos offres d&#8217;emploi<\/h2>\n\n        <ul class=\"offres\">\n                    <\/ul>\n    <\/section>\n\n\n\n<div style=\"height:19px\" aria-hidden=\"true\" class=\"wp-block-spacer\"><\/div>\n\n\n    <section class=\"four-cards-container\" data-aos=\"fade-up\" data-aos-offset=\"250\" data-aos-duration=\"1000\">\n                    <div class=\"h3 title\">Notre processus de recrutement<\/div>\n        \n                            <div class=\"splide splide-four-cards\">\n            \n            <div class=\"cards-container splide__track\">\n                <ul class=\"cards four-cards splide__list\">\n                                            <li class=\"p-8 card splide__slide\">\n                            <div class=\"number\">1<\/div>\n                            <div class=\"title\">Candidature<\/div>\n                            <span class=\"content\"><p>Toutes les candidatures sont \u00e9tudi\u00e9es par notre service Ressources Humaines. Nous sommes en recherche permanente de nouveaux talents !<\/p>\n<\/span>\n                        <\/li>\n                                            <li class=\"p-8 card splide__slide\">\n                            <div class=\"number\">2<\/div>\n                            <div class=\"title\">\u00c9change t\u00e9l\u00e9phonique<\/div>\n                            <span class=\"content\"><p>Votre candidature a retenu notre attention. Nos \u00e9quipes de recrutement vous contacteront par t\u00e9l\u00e9phone pour un premier \u00e9change.<\/p>\n<\/span>\n                        <\/li>\n                                            <li class=\"p-8 card splide__slide\">\n                            <div class=\"number\">3<\/div>\n                            <div class=\"title\">Entretiens physiques<\/div>\n                            <span class=\"content\"><p>Si votre profil est s\u00e9lectionn\u00e9, vous serez invit\u00e9 \u00e0 un entretien avec le service Ressources Humaines et votre futur manager. Selon les circonstances, un second entretien avec votre N+2 pourra \u00e9galement \u00eatre organis\u00e9.<\/p>\n<\/span>\n                        <\/li>\n                                            <li class=\"p-8 card splide__slide\">\n                            <div class=\"number\">4<\/div>\n                            <div class=\"title\">Tests<\/div>\n                            <span class=\"content\"><p>Si le poste le n\u00e9cessite, nous vous ferons passer divers tests psychotechniques.<\/p>\n<\/span>\n                        <\/li>\n                                            <li class=\"p-8 card splide__slide\">\n                            <div class=\"number\">5<\/div>\n                            <div class=\"title\">Bienvenue<\/div>\n                            <span class=\"content\"><p>La cl\u00e9 de r\u00e9ussite de nos recrutements r\u00e9side \u00e9galement dans la qualit\u00e9 de votre accueil.<br \/>\nUn parcours d\u2019int\u00e9gration est organis\u00e9 par votre manager vous permettant de rencontrer vos principaux interlocuteurs ; vous b\u00e9n\u00e9ficierez \u00e9galement d\u2019une journ\u00e9e de formation \u00e0 la connaissance de l\u2019entreprise.<\/p>\n<\/span>\n                        <\/li>\n                                    <\/ul>\n            <\/div>\n\n                        <\/div>\n            <\/section>\n\n\n    <section class=\"banner-container\" data-aos=\"fade-up\" data-aos-offset=\"250\" data-aos-duration=\"1000\">\n        <ul class=\"blocs grid-cols-1 \">\n                            <li class=\"bloc\">\n                    <div class=\"image-container\">\n                                                    <div class=\"mask has-background bg-blue-400\"><\/div>\n                        \n                        <img decoding=\"async\" src=\"https:\/\/www.elephantbleu.com\/wp-content\/uploads\/2024\/01\/Capture34.png\" alt=\"\">\n                    <\/div>\n\n                    <div class=\"image-content\">\n                        <span class=\"h2\">Rejoignez nos \u00e9quipes !<\/span>\n                        <div class=\"text\"><\/div>\n\n                                            <\/div>\n                <\/li>\n                    <\/ul>\n    <\/section>\n","protected":false},"excerpt":{"rendered":"","protected":false},"author":1,"featured_media":0,"parent":0,"menu_order":0,"comment_status":"closed","ping_status":"closed","template":"","meta":{"_acf_changed":false,"footnotes":""},"class_list":["post-10539","page","type-page","status-publish","hentry"],"acf":[],"yoast_head":"<!-- This site is optimized with the Yoast SEO plugin v27.2 - https:\/\/yoast.com\/product\/yoast-seo-wordpress\/ -->\n<title>Offres d&#039;emploi - Elephant-Bleu<\/title>\n<meta name=\"robots\" content=\"index, follow, max-snippet:-1, max-image-preview:large, max-video-preview:-1\" \/>\n<link rel=\"canonical\" href=\"https:\/\/www.elephantbleu.com\/fr-ch\/nous-rejoindre\/\" \/>\n<meta property=\"og:locale\" content=\"fr_FR\" \/>\n<meta property=\"og:type\" content=\"article\" \/>\n<meta property=\"og:title\" content=\"Offres d&#039;emploi - Elephant-Bleu\" \/>\n<meta property=\"og:url\" content=\"https:\/\/www.elephantbleu.com\/fr-ch\/nous-rejoindre\/\" \/>\n<meta property=\"og:site_name\" content=\"Elephant-Bleu\" \/>\n<meta property=\"article:publisher\" content=\"https:\/\/fr-fr.facebook.com\/ElephantBleuOfficiel\/\" \/>\n<meta property=\"article:modified_time\" content=\"2026-02-26T10:31:13+00:00\" \/>\n<meta name=\"twitter:card\" content=\"summary_large_image\" \/>\n<script type=\"application\/ld+json\" class=\"yoast-schema-graph\">{\"@context\":\"https:\/\/schema.org\",\"@graph\":[{\"@type\":\"WebPage\",\"@id\":\"https:\/\/www.elephantbleu.com\/fr-ch\/nous-rejoindre\/\",\"url\":\"https:\/\/www.elephantbleu.com\/fr-ch\/nous-rejoindre\/\",\"name\":\"Offres d'emploi - Elephant-Bleu\",\"isPartOf\":{\"@id\":\"https:\/\/www.elephantbleu.com\/fr-ch\/#website\"},\"datePublished\":\"2023-11-22T10:25:15+00:00\",\"dateModified\":\"2026-02-26T10:31:13+00:00\",\"breadcrumb\":{\"@id\":\"https:\/\/www.elephantbleu.com\/fr-ch\/nous-rejoindre\/#breadcrumb\"},\"inLanguage\":\"fr-CH\",\"potentialAction\":[{\"@type\":\"ReadAction\",\"target\":[\"https:\/\/www.elephantbleu.com\/fr-ch\/nous-rejoindre\/\"]}]},{\"@type\":\"BreadcrumbList\",\"@id\":\"https:\/\/www.elephantbleu.com\/fr-ch\/nous-rejoindre\/#breadcrumb\",\"itemListElement\":[{\"@type\":\"ListItem\",\"position\":1,\"name\":\"Home\",\"item\":\"https:\/\/www.elephantbleu.com\/fr-ch\/\"},{\"@type\":\"ListItem\",\"position\":2,\"name\":\"Offres d&#8217;emploi\"}]},{\"@type\":\"WebSite\",\"@id\":\"https:\/\/www.elephantbleu.com\/fr-ch\/#website\",\"url\":\"https:\/\/www.elephantbleu.com\/fr-ch\/\",\"name\":\"Elephant Bleu\",\"description\":\"\",\"publisher\":{\"@id\":\"https:\/\/www.elephantbleu.com\/fr-ch\/#organization\"},\"potentialAction\":[{\"@type\":\"SearchAction\",\"target\":{\"@type\":\"EntryPoint\",\"urlTemplate\":\"https:\/\/www.elephantbleu.com\/fr-ch\/?s={search_term_string}\"},\"query-input\":{\"@type\":\"PropertyValueSpecification\",\"valueRequired\":true,\"valueName\":\"search_term_string\"}}],\"inLanguage\":\"fr-CH\"},{\"@type\":\"Organization\",\"@id\":\"https:\/\/www.elephantbleu.com\/fr-ch\/#organization\",\"name\":\"Elephant Bleu\",\"url\":\"https:\/\/www.elephantbleu.com\/fr-ch\/\",\"logo\":{\"@type\":\"ImageObject\",\"inLanguage\":\"fr-CH\",\"@id\":\"https:\/\/www.elephantbleu.com\/fr-ch\/#\/schema\/logo\/image\/\",\"url\":\"https:\/\/www.elephantbleu.com\/wp-content\/uploads\/2024\/01\/conseils-de-lelephant-02.png\",\"contentUrl\":\"https:\/\/www.elephantbleu.com\/wp-content\/uploads\/2024\/01\/conseils-de-lelephant-02.png\",\"width\":200,\"height\":200,\"caption\":\"Elephant Bleu\"},\"image\":{\"@id\":\"https:\/\/www.elephantbleu.com\/fr-ch\/#\/schema\/logo\/image\/\"},\"sameAs\":[\"https:\/\/fr-fr.facebook.com\/ElephantBleuOfficiel\/\",\"https:\/\/fr.linkedin.com\/company\/elephant-bleu-franchise\"]}]}<\/script>\n<!-- \/ Yoast SEO plugin. -->","yoast_head_json":{"title":"Offres d'emploi - Elephant-Bleu","robots":{"index":"index","follow":"follow","max-snippet":"max-snippet:-1","max-image-preview":"max-image-preview:large","max-video-preview":"max-video-preview:-1"},"canonical":"https:\/\/www.elephantbleu.com\/fr-ch\/nous-rejoindre\/","og_locale":"fr_FR","og_type":"article","og_title":"Offres d'emploi - Elephant-Bleu","og_url":"https:\/\/www.elephantbleu.com\/fr-ch\/nous-rejoindre\/","og_site_name":"Elephant-Bleu","article_publisher":"https:\/\/fr-fr.facebook.com\/ElephantBleuOfficiel\/","article_modified_time":"2026-02-26T10:31:13+00:00","twitter_card":"summary_large_image","schema":{"@context":"https:\/\/schema.org","@graph":[{"@type":"WebPage","@id":"https:\/\/www.elephantbleu.com\/fr-ch\/nous-rejoindre\/","url":"https:\/\/www.elephantbleu.com\/fr-ch\/nous-rejoindre\/","name":"Offres d'emploi - Elephant-Bleu","isPartOf":{"@id":"https:\/\/www.elephantbleu.com\/fr-ch\/#website"},"datePublished":"2023-11-22T10:25:15+00:00","dateModified":"2026-02-26T10:31:13+00:00","breadcrumb":{"@id":"https:\/\/www.elephantbleu.com\/fr-ch\/nous-rejoindre\/#breadcrumb"},"inLanguage":"fr-CH","potentialAction":[{"@type":"ReadAction","target":["https:\/\/www.elephantbleu.com\/fr-ch\/nous-rejoindre\/"]}]},{"@type":"BreadcrumbList","@id":"https:\/\/www.elephantbleu.com\/fr-ch\/nous-rejoindre\/#breadcrumb","itemListElement":[{"@type":"ListItem","position":1,"name":"Home","item":"https:\/\/www.elephantbleu.com\/fr-ch\/"},{"@type":"ListItem","position":2,"name":"Offres d&#8217;emploi"}]},{"@type":"WebSite","@id":"https:\/\/www.elephantbleu.com\/fr-ch\/#website","url":"https:\/\/www.elephantbleu.com\/fr-ch\/","name":"Elephant Bleu","description":"","publisher":{"@id":"https:\/\/www.elephantbleu.com\/fr-ch\/#organization"},"potentialAction":[{"@type":"SearchAction","target":{"@type":"EntryPoint","urlTemplate":"https:\/\/www.elephantbleu.com\/fr-ch\/?s={search_term_string}"},"query-input":{"@type":"PropertyValueSpecification","valueRequired":true,"valueName":"search_term_string"}}],"inLanguage":"fr-CH"},{"@type":"Organization","@id":"https:\/\/www.elephantbleu.com\/fr-ch\/#organization","name":"Elephant Bleu","url":"https:\/\/www.elephantbleu.com\/fr-ch\/","logo":{"@type":"ImageObject","inLanguage":"fr-CH","@id":"https:\/\/www.elephantbleu.com\/fr-ch\/#\/schema\/logo\/image\/","url":"https:\/\/www.elephantbleu.com\/wp-content\/uploads\/2024\/01\/conseils-de-lelephant-02.png","contentUrl":"https:\/\/www.elephantbleu.com\/wp-content\/uploads\/2024\/01\/conseils-de-lelephant-02.png","width":200,"height":200,"caption":"Elephant Bleu"},"image":{"@id":"https:\/\/www.elephantbleu.com\/fr-ch\/#\/schema\/logo\/image\/"},"sameAs":["https:\/\/fr-fr.facebook.com\/ElephantBleuOfficiel\/","https:\/\/fr.linkedin.com\/company\/elephant-bleu-franchise"]}]}},"_links":{"self":[{"href":"https:\/\/www.elephantbleu.com\/fr-ch\/wp-json\/wp\/v2\/pages\/10539","targetHints":{"allow":["GET"]}}],"collection":[{"href":"https:\/\/www.elephantbleu.com\/fr-ch\/wp-json\/wp\/v2\/pages"}],"about":[{"href":"https:\/\/www.elephantbleu.com\/fr-ch\/wp-json\/wp\/v2\/types\/page"}],"author":[{"embeddable":true,"href":"https:\/\/www.elephantbleu.com\/fr-ch\/wp-json\/wp\/v2\/users\/1"}],"replies":[{"embeddable":true,"href":"https:\/\/www.elephantbleu.com\/fr-ch\/wp-json\/wp\/v2\/comments?post=10539"}],"version-history":[{"count":26,"href":"https:\/\/www.elephantbleu.com\/fr-ch\/wp-json\/wp\/v2\/pages\/10539\/revisions"}],"predecessor-version":[{"id":20608,"href":"https:\/\/www.elephantbleu.com\/fr-ch\/wp-json\/wp\/v2\/pages\/10539\/revisions\/20608"}],"wp:attachment":[{"href":"https:\/\/www.elephantbleu.com\/fr-ch\/wp-json\/wp\/v2\/media?parent=10539"}],"curies":[{"name":"wp","href":"https:\/\/api.w.org\/{rel}","templated":true}]}}