{"id":10546,"date":"2023-11-06T16:38:27","date_gmt":"2023-11-06T16:38:27","guid":{"rendered":"https:\/\/www.elephantbleu.com\/lapplication-elephant-bleu\/"},"modified":"2024-11-26T14:24:07","modified_gmt":"2024-11-26T14:24:07","slug":"lapplication-elephant-bleu","status":"publish","type":"page","link":"https:\/\/www.elephantbleu.com\/de-ch\/lapplication-elephant-bleu\/","title":{"rendered":"BLAUER ELEFANT MOBILE APP"},"content":{"rendered":"    <section class=\"text-image-button-container has-background bg-yellow\" data-aos=\"fade-up\" data-aos-offset=\"250\" data-aos-duration=\"1000\">\n        <div class=\"w-full lg:w-3\/5\">\n            <h2 class=\"h2 pb-5\">\n                <span class=\"span-has-blue-200-color\">Entdecken Sie die mobile Bezahl-App von Blauer Elefant !<\/span>\n            <\/h2>\n\n            <div class=\"flex flex-col gap-4\">\n                <p>QR-Code scannen, waschen und die Vorteile der mobilen App<br \/>\nf\u00fcr das gesamte Angebot der Waschanlage nutzen!<\/p>\n<p class=\"p1\"><strong>Das spart Zeit, ist praktisch und gibt Ihnen Zugang zu exklusiven Angeboten!\u00a0<\/strong><\/p>\n\n            <\/div>\n        <\/div>\n\n        <div class=\"w-full flex justify-center lg:w-2\/5\">\n            <picture>\n                <source srcset=\" 1x\" media=\"(max-width: 1024px)\">\n                <img decoding=\"async\" src=\"https:\/\/www.elephantbleu.com\/wp-content\/uploads\/2023\/11\/trompe.png\" alt=\"\" >\n            <\/picture>\n\n            <div class=\"button js-tingle-modal-qrcode \">\n                \n\n                <div class=\"js-tingle-modal-content hidden\">\n                    <div class=\"image-container\">\n                        <img decoding=\"async\" src=\"https:\/\/www.elephantbleu.com\/wp-content\/uploads\/2023\/12\/QR-code-app.jpg\" alt=\"\">\n                    <\/div>\n\n                    <span class=\"text\">Scannez le QR Code pour t\u00e9l\u00e9charger l&#8217;application \u00e9l\u00e9phant bleu<\/span>\n                <\/div>\n            <\/div>\n        <\/div>\n    <\/section>\n\n\n    \n    <section class=\"card-ctit-container \" data-aos=\"fade-up\" data-aos-offset=\"250\" data-aos-duration=\"1000\">\n        <ul class=\"list\">\n                            <li class=\"item\">\n                    <h3 class=\"h3\">EINFACH <\/h3>\n\n                    <div class=\"image-container relative\">\n                                                    <img decoding=\"async\" src=\"https:\/\/www.elephantbleu.com\/wp-content\/themes\/elephant-bleu\/dist\/img\/arrow-left.png\" alt=\"fl\u00e8che gauche\" class=\"arrow-left\">\n                        \n                        <picture class=\"flex justify-center w-full\">\n                            <img decoding=\"async\" src=\"https:\/\/www.elephantbleu.com\/wp-content\/uploads\/2023\/11\/Image-56.png\" alt=\"\"  class=\"object-contain h-28 aspect-square\">\n                        <\/picture>\n\n                                                    <img decoding=\"async\" src=\"https:\/\/www.elephantbleu.com\/wp-content\/themes\/elephant-bleu\/dist\/img\/arrow-right.png\" alt=\"fl\u00e8che droite\" class=\"arrow-right\">\n                                            <\/div>\n\n                    <span class=\"text-xl leading-none font-bold text-blue-200 w-3\/4\">Ich scanne den QR-Code und wasche mein Auto. <\/span>\n                    <span class=\"text w-3\/4\"><p>Kein l\u00e4stiges Warten mehr Automaten und<\/p>\n<p>kein Problem wegen fehlender M\u00fcnzen!<\/p>\n<p>Ich zahle mit meinem Smartphone, das ich immer dabei habe.<\/p>\n<\/span>\n                <\/li>\n                            <li class=\"item\">\n                    <h3 class=\"h3\">PR\u00c4ZISE <\/h3>\n\n                    <div class=\"image-container relative\">\n                        \n                        <picture class=\"flex justify-center w-full\">\n                            <img decoding=\"async\" src=\"https:\/\/www.elephantbleu.com\/wp-content\/uploads\/2023\/11\/Groupe-980.png\" alt=\"\"  class=\"object-contain h-28 aspect-square\">\n                        <\/picture>\n\n                                            <\/div>\n\n                    <span class=\"text-xl leading-none font-bold text-blue-200 w-3\/4\">Jeden Abend wird mir abgebucht, was ich verbraucht habe <\/span>\n                    <span class=\"text w-3\/4\"><p>AUF 0,10 CHF genau.<\/p>\n<\/span>\n                <\/li>\n                            <li class=\"item\">\n                    <h3 class=\"h3\">VORTEILE <\/h3>\n\n                    <div class=\"image-container relative\">\n                        \n                        <picture class=\"flex justify-center w-full\">\n                            <img decoding=\"async\" src=\"https:\/\/www.elephantbleu.com\/wp-content\/uploads\/2023\/11\/Groupe-1085.png\" alt=\"\"  class=\"object-contain h-28 aspect-square\">\n                        <\/picture>\n\n                                            <\/div>\n\n                    <span class=\"text-xl leading-none font-bold text-blue-200 w-3\/4\">Ich nutze exklusive Sonderangebote <\/span>\n                    <span class=\"text w-3\/4\"><p>Ich sammle Punkte<\/p>\n<p>und kann sie gegen Autow\u00e4schen<\/p>\n<p>und Staubsaugerminuten eintauschen<\/p>\n<\/span>\n                <\/li>\n                    <\/ul>\n    <\/section>\n\n\n\n<div class=\"title\"><h2 class=\"lg\" ><center>ENTDECKEN SIE ALLE VORTEILE DES TREUEPROGRAMMS! <\/center><\/h2><\/div>\n\n\n<section class=\"section-y-12 app my-10\" data-aos=\"fade-up\" data-aos-offset=\"-250\" data-aos-duration=\"1000\">\n    <div class=\"splide splide__app\" data-arrow-color=\"#F7D748\">\n        <div class=\"splide__track\">\n            <ul class=\"splide__list\">\n                                    <li class=\"splide__slide\">\n                        \n                            <div class=\"splide__slide__content has-background bg-blue-500\">\n                                                                <img decoding=\"async\" src=\"https:\/\/www.elephantbleu.com\/wp-content\/uploads\/2023\/11\/Image-1.png\" alt=\"\">\n                                <p class=\"splide__slide__title has-text-color has-yellow-color\">ZAHLEN SIE MIT DER APP UND ERHALTEN SIE EXKLUSIVE RABATTE! <\/p>\n                            <\/div>\n\n                                                <\/li>\n                                    <li class=\"splide__slide\">\n                        \n                            <div class=\"splide__slide__content has-background bg-blue-500\">\n                                                                <img decoding=\"async\" src=\"https:\/\/www.elephantbleu.com\/wp-content\/uploads\/2024\/01\/cadeau-2-1.png\" alt=\"\">\n                                <p class=\"splide__slide__title has-text-color has-yellow-color\">20\u202fCHF BEZAHLT = <span style=\"bold\">2 CHF AUTOW\u00c4SCHE ODER 4 CHF STAUBSAUGEN GRATIS<\/span style><\/p>\n                            <\/div>\n\n                                                <\/li>\n                                    <li class=\"splide__slide\">\n                        \n                            <div class=\"splide__slide__content has-background bg-blue-500\">\n                                                                <img decoding=\"async\" src=\"https:\/\/www.elephantbleu.com\/wp-content\/uploads\/2024\/01\/parrain.png\" alt=\"\">\n                                <p class=\"splide__slide__title has-text-color has-yellow-color\">Werben Sie einen Freund und erhalten Sie 4 CHF <\/p>\n                            <\/div>\n\n                                                <\/li>\n                            <\/ul>\n        <\/div>\n    <\/div>\n<\/section>\n\n\n    <section id=\"offre-container\" class=\"offre-container flex flex-col gap-16\" data-aos=\"fade-up\" data-aos-offset=\"250\" data-aos-duration=\"1000\">\n        <div class=\"flex flex-col gap-16 lg:flex-row\">\n            <div class=\"flex flex-col w-full lg:w-2\/4 relative p-8 rounded-3xl h-full has-background bg-yellow\">\n                <div class=\"flex flex-col text-center lg:text-left\">\n                    <span class=\"text-5xl uppercase font-bold lg:text-7xl\">6 CHF RABATT<\/span>\n                    <span class=\"text-3xl uppercase font-bold lg:text-4xl span-has-blue-200-color\" data-tooltip-content=\"\">AUF IHRE ERSTE AUTOW\u00c4SCHE MIT DEM <span style=\"color: #40b0e1;\">SCHNUPPER-CODE<\/span>*<\/span>\n                <\/div>\n\n                <div class=\"flex flex-col justify-between mt-8 lg:flex-row\">\n                    <span class=\"text-2xl font-bold w-full mb-8 text-center lg:text-left lg:w-3\/5 lg:mb-0\"><p>Und noch viele weitere Vorteile, wenn Sie mit der App bezahlen: Treueprogramm, exklusive Sonderangebote\u202f&#8230;<\/p>\n<\/span>\n                    <div class=\"container-image w-fit mx-auto lg:w-2\/5 lg:max-h-48\">\n                        <img decoding=\"async\" class=\"h-full\" src=\"https:\/\/www.elephantbleu.com\/wp-content\/uploads\/2024\/05\/Groupe-1093-300x173-1.png\" alt=\"\">\n                    <\/div>\n                <\/div>\n            <\/div>\n\n            <div class=\"flex flex-col w-full lg:w-2\/4\">\n                <span class=\"h2 mb-8 text-center lg:text-left span-has-blue-200-color\"><span>Comment<\/span> Cr\u00e9er mon compte ?<\/span>\n\n                <ul class=\"flex flex-col\">\n                                            <li class=\"flex mb-4\">\n                            <span class=\"mr-2 has-background bg-yellow has-white-color rounded-full w-7 h-7 text-sm flex font-bold items-center justify-center\">1<\/span>\n                            <span class=\"text-lg flex-1\">T\u00e9l\u00e9chargez l\u2019application mobile via le store de votre smartphone (iOS ou Android)<\/span>\n                        <\/li>\n                                            <li class=\"flex mb-4\">\n                            <span class=\"mr-2 has-background bg-yellow has-white-color rounded-full w-7 h-7 text-sm flex font-bold items-center justify-center\">2<\/span>\n                            <span class=\"text-lg flex-1\">Cr\u00e9ez votre compte en renseignant votre adresse mail, votre mot de passe et votre centre pr\u00e9f\u00e9r\u00e9<\/span>\n                        <\/li>\n                                            <li class=\"flex mb-4\">\n                            <span class=\"mr-2 has-background bg-yellow has-white-color rounded-full w-7 h-7 text-sm flex font-bold items-center justify-center\">3<\/span>\n                            <span class=\"text-lg flex-1\">Renseignez votre carte bancaire<\/span>\n                        <\/li>\n                                            <li class=\"flex mb-4\">\n                            <span class=\"mr-2 has-background bg-yellow has-white-color rounded-full w-7 h-7 text-sm flex font-bold items-center justify-center\">4<\/span>\n                            <span class=\"text-lg flex-1\">Validez votre compte en cliquant sur le lien envoy\u00e9 par email<\/span>\n                        <\/li>\n                                            <li class=\"flex mb-4\">\n                            <span class=\"mr-2 has-background bg-yellow has-white-color rounded-full w-7 h-7 text-sm flex font-bold items-center justify-center\">5<\/span>\n                            <span class=\"text-lg flex-1\">Vous pouvez laver !<\/span>\n                        <\/li>\n                                    <\/ul>\n\n                                    <div class=\"button js-tingle-modal-qrcode mx-auto mt-4 w-fit lg:mx-0 has-background bg-yellow has-text-color has-blue-500-color\">\n                        T\u00e9l\u00e9charger l\u2019app\n\n                        <div class=\"hidden js-tingle-modal-content\">\n                            <div class=\"image-container\">\n                                <img decoding=\"async\" src=\"https:\/\/www.elephantbleu.com\/wp-content\/uploads\/2023\/12\/QR-code-app.jpg\" alt=\"\">\n                            <\/div>\n\n                            <span class=\"text\">Scannez le QR Code pour t\u00e9l\u00e9charger l&#8217;application \u00e9l\u00e9phant bleu<\/span>\n                        <\/div>\n                    <\/div>\n                            <\/div>\n        <\/div>\n\n        <div class=\"leading-none text-justify\">\n            \n        <\/div>\n    <\/section>\n\n\n\n<section class=\"video-container cursor-pointer flex items-center justify-center relative overflow-hidden rounded-3xl mb-16 js-tingle-modal-video\" data-video=\"https:\/\/www.youtube.com\/watch?v=YFRPCYtIenQ\" data-aos=\"fade-up\" data-aos-offset=\"250\" data-aos-duration=\"1000\">\n    <span class=\"absolute left-4 top-3 z-10 text-sm has-white-color font-bold uppercase w-full lg:w-2\/5 lg:text-3xl lg:left-8 lg:top-8\">BLAUER ELEFANT MOBILE APP! <\/span>\n\n    <div class=\"w-full h-full\">\n        <img decoding=\"async\" class=\"object-contain\" src=\"https:\/\/www.elephantbleu.com\/wp-content\/uploads\/2024\/03\/Video-app.png\" alt=\"Paiement application mobile\">\n    <\/div>\n\n    <img decoding=\"async\" class=\"absolute z-10 w-6 lg:w-auto\" src=\"https:\/\/www.elephantbleu.com\/wp-content\/themes\/elephant-bleu\/dist\/img\/play.png\" alt=\"Ic\u00f4ne lecture\">\n<\/section>\n\n\n<div class=\"button-container align-center\">\n    <a href=\"https:\/\/www.elephantbleu.com\/ma-station-de-lavage\/?1555=on\" class=\"button w-fit has-background bg-blue-500 has-text-color has-yellow-color\">ICH ERKUNDIGE MICH, OB ICH IN MEINER WASCHANLAGE MIT DER MOBILEN APP BEZAHLEN KANN <\/a>\n<\/div>\n\n\n\n<div style=\"height:33px\" aria-hidden=\"true\" class=\"wp-block-spacer\"><\/div>\n\n\n\n<p class=\"has-small-font-size\"><em>*Angebot nur f\u00fcr Privatpersonen, g\u00fcltig ausschliesslich in Waschanlagen mit mobilem Bezahlen an den folgenden Anlagen: SB-Waschbox und Portalwaschanlage (vorbehaltlich Verf\u00fcgbarkeit der Anlagen) vom 01.04.2024 bis 30.04.2025. Angebot nur bei Bezahlung mit der mobilen App von Blauer Elefant g\u00fcltig, vorausgesetzt, diese Waschanlage verf\u00fcgt \u00fcber die M\u00f6glichkeit f\u00fcr mobiles Bezahlen. SCHNUPPER-Code vor der ersten Autow\u00e4sche in die App einzugeben. Angebot einmal pro Kunde nutzbar, nicht aufteilbar, den 60 000 ersten Kunden, die das Angebot nutzen, vorbehalten. Reduzierung im Wert von 6 CHF auf den Preis der Autow\u00e4sche, nicht kumulierbar mit einem Vorteil, der sich auf die Anzahl der Treuepunkte auswirkt und nicht kumulierbar mit einem in Prozent ausgedr\u00fcckten Rabatt; Angebot nicht austauschbar.<\/em><\/p>\n\n\n\n<div style=\"height:51px\" aria-hidden=\"true\" class=\"wp-block-spacer\"><\/div>\n\n\n\n    <section class=\"section-y-12 cardimg  justify-end\" data-aos=\"zoom-in\" data-aos-duration=\"1000\">\n        <picture>\n            <source srcset=\" 1x\" media=\"(max-width: 639px)\">\n            <img decoding=\"async\" src=\"\" alt=\"\"  class=\"absolute left-0 bottom-0 w-full sm:w-3\/4 lg:h-full lg:w-auto\">\n        <\/picture>\n        <div class=\"sm:px-14 lg-p-0 lg:w-3\/5 z-10\">\n            <h2 class=\"h2 pb-4\"><span class=\"span-\"><\/span><\/h2>\n\n            <div class=\"cardimg__list\">\n                            <\/div>\n\n            \n            <a href=\"\" class=\"button \"><\/a>\n        <\/div>\n    <\/section>\n","protected":false},"excerpt":{"rendered":"<p>*Angebot nur f\u00fcr Privatpersonen, g\u00fcltig ausschliesslich in Waschanlagen mit mobilem Bezahlen an den folgenden Anlagen: SB-Waschbox und Portalwaschanlage (vorbehaltlich Verf\u00fcgbarkeit der Anlagen) vom 01.04.2024 bis 30.04.2025. Angebot nur bei Bezahlung mit der mobilen App von Blauer Elefant g\u00fcltig, vorausgesetzt, diese Waschanlage verf\u00fcgt \u00fcber die M\u00f6glichkeit f\u00fcr mobiles Bezahlen. SCHNUPPER-Code vor der ersten Autow\u00e4sche in die [&hellip;]<\/p>\n","protected":false},"author":1,"featured_media":0,"parent":0,"menu_order":0,"comment_status":"closed","ping_status":"closed","template":"","meta":{"_acf_changed":false,"footnotes":""},"class_list":["post-10546","page","type-page","status-publish","hentry"],"acf":[],"yoast_head":"<!-- This site is optimized with the Yoast SEO plugin v27.2 - https:\/\/yoast.com\/product\/yoast-seo-wordpress\/ -->\n<title>BLAUER ELEFANT MOBILE APP - Elephant-Bleu<\/title>\n<meta name=\"description\" content=\"Payez votre lavage avec l&#039;app El\u00e9phant Bleu \ud83d\udcf1 Gagnez du temps, cumulez des points fid\u00e9lit\u00e9 et b\u00e9n\u00e9ficiez de promos exclusives !\" \/>\n<meta name=\"robots\" content=\"index, follow, max-snippet:-1, max-image-preview:large, max-video-preview:-1\" \/>\n<link rel=\"canonical\" href=\"https:\/\/www.elephantbleu.com\/de-ch\/lapplication-elephant-bleu\/\" \/>\n<meta property=\"og:locale\" content=\"de_DE\" \/>\n<meta property=\"og:type\" content=\"article\" \/>\n<meta property=\"og:title\" content=\"BLAUER ELEFANT MOBILE APP - Elephant-Bleu\" \/>\n<meta property=\"og:description\" content=\"Payez votre lavage avec l&#039;app El\u00e9phant Bleu \ud83d\udcf1 Gagnez du temps, cumulez des points fid\u00e9lit\u00e9 et b\u00e9n\u00e9ficiez de promos exclusives !\" \/>\n<meta property=\"og:url\" content=\"https:\/\/www.elephantbleu.com\/de-ch\/lapplication-elephant-bleu\/\" \/>\n<meta property=\"og:site_name\" content=\"Elephant-Bleu\" \/>\n<meta property=\"article:publisher\" content=\"https:\/\/fr-fr.facebook.com\/ElephantBleuOfficiel\/\" \/>\n<meta property=\"article:modified_time\" content=\"2024-11-26T14:24:07+00:00\" \/>\n<meta name=\"twitter:card\" content=\"summary_large_image\" \/>\n<meta name=\"twitter:label1\" content=\"Est. reading time\" \/>\n\t<meta name=\"twitter:data1\" content=\"1 minute\" \/>\n<script type=\"application\/ld+json\" class=\"yoast-schema-graph\">{\"@context\":\"https:\/\/schema.org\",\"@graph\":[{\"@type\":\"WebPage\",\"@id\":\"https:\/\/www.elephantbleu.com\/de-ch\/lapplication-elephant-bleu\/\",\"url\":\"https:\/\/www.elephantbleu.com\/de-ch\/lapplication-elephant-bleu\/\",\"name\":\"BLAUER ELEFANT MOBILE APP - Elephant-Bleu\",\"isPartOf\":{\"@id\":\"https:\/\/www.elephantbleu.com\/de-ch\/#website\"},\"datePublished\":\"2023-11-06T16:38:27+00:00\",\"dateModified\":\"2024-11-26T14:24:07+00:00\",\"description\":\"Payez votre lavage avec l'app El\u00e9phant Bleu \ud83d\udcf1 Gagnez du temps, cumulez des points fid\u00e9lit\u00e9 et b\u00e9n\u00e9ficiez de promos exclusives !\",\"breadcrumb\":{\"@id\":\"https:\/\/www.elephantbleu.com\/de-ch\/lapplication-elephant-bleu\/#breadcrumb\"},\"inLanguage\":\"de-CH\",\"potentialAction\":[{\"@type\":\"ReadAction\",\"target\":[\"https:\/\/www.elephantbleu.com\/de-ch\/lapplication-elephant-bleu\/\"]}]},{\"@type\":\"BreadcrumbList\",\"@id\":\"https:\/\/www.elephantbleu.com\/de-ch\/lapplication-elephant-bleu\/#breadcrumb\",\"itemListElement\":[{\"@type\":\"ListItem\",\"position\":1,\"name\":\"Home\",\"item\":\"https:\/\/www.elephantbleu.com\/de-ch\/\"},{\"@type\":\"ListItem\",\"position\":2,\"name\":\"BLAUER ELEFANT MOBILE APP\"}]},{\"@type\":\"WebSite\",\"@id\":\"https:\/\/www.elephantbleu.com\/de-ch\/#website\",\"url\":\"https:\/\/www.elephantbleu.com\/de-ch\/\",\"name\":\"Elephant Bleu\",\"description\":\"\",\"publisher\":{\"@id\":\"https:\/\/www.elephantbleu.com\/de-ch\/#organization\"},\"potentialAction\":[{\"@type\":\"SearchAction\",\"target\":{\"@type\":\"EntryPoint\",\"urlTemplate\":\"https:\/\/www.elephantbleu.com\/de-ch\/?s={search_term_string}\"},\"query-input\":{\"@type\":\"PropertyValueSpecification\",\"valueRequired\":true,\"valueName\":\"search_term_string\"}}],\"inLanguage\":\"de-CH\"},{\"@type\":\"Organization\",\"@id\":\"https:\/\/www.elephantbleu.com\/de-ch\/#organization\",\"name\":\"Elephant Bleu\",\"url\":\"https:\/\/www.elephantbleu.com\/de-ch\/\",\"logo\":{\"@type\":\"ImageObject\",\"inLanguage\":\"de-CH\",\"@id\":\"https:\/\/www.elephantbleu.com\/de-ch\/#\/schema\/logo\/image\/\",\"url\":\"https:\/\/www.elephantbleu.com\/wp-content\/uploads\/2024\/01\/conseils-de-lelephant-02.png\",\"contentUrl\":\"https:\/\/www.elephantbleu.com\/wp-content\/uploads\/2024\/01\/conseils-de-lelephant-02.png\",\"width\":200,\"height\":200,\"caption\":\"Elephant Bleu\"},\"image\":{\"@id\":\"https:\/\/www.elephantbleu.com\/de-ch\/#\/schema\/logo\/image\/\"},\"sameAs\":[\"https:\/\/fr-fr.facebook.com\/ElephantBleuOfficiel\/\",\"https:\/\/fr.linkedin.com\/company\/elephant-bleu-franchise\"]}]}<\/script>\n<!-- \/ Yoast SEO plugin. -->","yoast_head_json":{"title":"BLAUER ELEFANT MOBILE APP - Elephant-Bleu","description":"Payez votre lavage avec l'app El\u00e9phant Bleu \ud83d\udcf1 Gagnez du temps, cumulez des points fid\u00e9lit\u00e9 et b\u00e9n\u00e9ficiez de promos exclusives !","robots":{"index":"index","follow":"follow","max-snippet":"max-snippet:-1","max-image-preview":"max-image-preview:large","max-video-preview":"max-video-preview:-1"},"canonical":"https:\/\/www.elephantbleu.com\/de-ch\/lapplication-elephant-bleu\/","og_locale":"de_DE","og_type":"article","og_title":"BLAUER ELEFANT MOBILE APP - Elephant-Bleu","og_description":"Payez votre lavage avec l'app El\u00e9phant Bleu \ud83d\udcf1 Gagnez du temps, cumulez des points fid\u00e9lit\u00e9 et b\u00e9n\u00e9ficiez de promos exclusives !","og_url":"https:\/\/www.elephantbleu.com\/de-ch\/lapplication-elephant-bleu\/","og_site_name":"Elephant-Bleu","article_publisher":"https:\/\/fr-fr.facebook.com\/ElephantBleuOfficiel\/","article_modified_time":"2024-11-26T14:24:07+00:00","twitter_card":"summary_large_image","twitter_misc":{"Est. reading time":"1 minute"},"schema":{"@context":"https:\/\/schema.org","@graph":[{"@type":"WebPage","@id":"https:\/\/www.elephantbleu.com\/de-ch\/lapplication-elephant-bleu\/","url":"https:\/\/www.elephantbleu.com\/de-ch\/lapplication-elephant-bleu\/","name":"BLAUER ELEFANT MOBILE APP - Elephant-Bleu","isPartOf":{"@id":"https:\/\/www.elephantbleu.com\/de-ch\/#website"},"datePublished":"2023-11-06T16:38:27+00:00","dateModified":"2024-11-26T14:24:07+00:00","description":"Payez votre lavage avec l'app El\u00e9phant Bleu \ud83d\udcf1 Gagnez du temps, cumulez des points fid\u00e9lit\u00e9 et b\u00e9n\u00e9ficiez de promos exclusives !","breadcrumb":{"@id":"https:\/\/www.elephantbleu.com\/de-ch\/lapplication-elephant-bleu\/#breadcrumb"},"inLanguage":"de-CH","potentialAction":[{"@type":"ReadAction","target":["https:\/\/www.elephantbleu.com\/de-ch\/lapplication-elephant-bleu\/"]}]},{"@type":"BreadcrumbList","@id":"https:\/\/www.elephantbleu.com\/de-ch\/lapplication-elephant-bleu\/#breadcrumb","itemListElement":[{"@type":"ListItem","position":1,"name":"Home","item":"https:\/\/www.elephantbleu.com\/de-ch\/"},{"@type":"ListItem","position":2,"name":"BLAUER ELEFANT MOBILE APP"}]},{"@type":"WebSite","@id":"https:\/\/www.elephantbleu.com\/de-ch\/#website","url":"https:\/\/www.elephantbleu.com\/de-ch\/","name":"Elephant Bleu","description":"","publisher":{"@id":"https:\/\/www.elephantbleu.com\/de-ch\/#organization"},"potentialAction":[{"@type":"SearchAction","target":{"@type":"EntryPoint","urlTemplate":"https:\/\/www.elephantbleu.com\/de-ch\/?s={search_term_string}"},"query-input":{"@type":"PropertyValueSpecification","valueRequired":true,"valueName":"search_term_string"}}],"inLanguage":"de-CH"},{"@type":"Organization","@id":"https:\/\/www.elephantbleu.com\/de-ch\/#organization","name":"Elephant Bleu","url":"https:\/\/www.elephantbleu.com\/de-ch\/","logo":{"@type":"ImageObject","inLanguage":"de-CH","@id":"https:\/\/www.elephantbleu.com\/de-ch\/#\/schema\/logo\/image\/","url":"https:\/\/www.elephantbleu.com\/wp-content\/uploads\/2024\/01\/conseils-de-lelephant-02.png","contentUrl":"https:\/\/www.elephantbleu.com\/wp-content\/uploads\/2024\/01\/conseils-de-lelephant-02.png","width":200,"height":200,"caption":"Elephant Bleu"},"image":{"@id":"https:\/\/www.elephantbleu.com\/de-ch\/#\/schema\/logo\/image\/"},"sameAs":["https:\/\/fr-fr.facebook.com\/ElephantBleuOfficiel\/","https:\/\/fr.linkedin.com\/company\/elephant-bleu-franchise"]}]}},"_links":{"self":[{"href":"https:\/\/www.elephantbleu.com\/de-ch\/wp-json\/wp\/v2\/pages\/10546","targetHints":{"allow":["GET"]}}],"collection":[{"href":"https:\/\/www.elephantbleu.com\/de-ch\/wp-json\/wp\/v2\/pages"}],"about":[{"href":"https:\/\/www.elephantbleu.com\/de-ch\/wp-json\/wp\/v2\/types\/page"}],"author":[{"embeddable":true,"href":"https:\/\/www.elephantbleu.com\/de-ch\/wp-json\/wp\/v2\/users\/1"}],"replies":[{"embeddable":true,"href":"https:\/\/www.elephantbleu.com\/de-ch\/wp-json\/wp\/v2\/comments?post=10546"}],"version-history":[{"count":36,"href":"https:\/\/www.elephantbleu.com\/de-ch\/wp-json\/wp\/v2\/pages\/10546\/revisions"}],"predecessor-version":[{"id":18406,"href":"https:\/\/www.elephantbleu.com\/de-ch\/wp-json\/wp\/v2\/pages\/10546\/revisions\/18406"}],"wp:attachment":[{"href":"https:\/\/www.elephantbleu.com\/de-ch\/wp-json\/wp\/v2\/media?parent=10546"}],"curies":[{"name":"wp","href":"https:\/\/api.w.org\/{rel}","templated":true}]}}