{"id":10540,"date":"2023-11-22T10:25:15","date_gmt":"2023-11-22T10:25:15","guid":{"rendered":"https:\/\/www.elephantbleu.com\/nous-rejoindre\/"},"modified":"2024-11-26T14:47:50","modified_gmt":"2024-11-26T14:47:50","slug":"stellenangebote","status":"publish","type":"page","link":"https:\/\/www.elephantbleu.com\/de-ch\/stellenangebote\/","title":{"rendered":"STELLENANGEBOTE"},"content":{"rendered":"\n<div style=\"height:48px\" aria-hidden=\"true\" class=\"wp-block-spacer\"><\/div>\n\n\n            \n    <section class=\"image-title-text-button-container    mb-16\" data-aos=\"fade-up\" data-aos-offset=\"250\" data-aos-duration=\"1000\">\n        \n                    <span class=\"h2\">STARKE VERPFLICHTUNGEN <\/span>\n        \n        <div class=\"content-container droite\">\n                            <div class=\"image flex flex-col items-center w-full xl:w-5\/12\">\n                    <div class=\"relative w-full flex items-center justify-center rounded-3xl overflow-hidden\">\n                                                    <div class=\"image_container w-full h-full\">\n                                <img decoding=\"async\" class=\"w-full object-contain\" src=\"https:\/\/www.elephantbleu.com\/wp-content\/uploads\/2024\/01\/humain.jpg\" alt=\"\">\n                            <\/div>\n\n                                                                        <\/div>\n                <\/div>\n            \n            <div class=\"flex flex-col w-full gap-8 order-1 xl:w-7\/12\">\n                                    <div class=\"item flex flex-col \">\n                        \n                        <div class=\"h3\">DER MENSCH IM MITTELPUNKT <\/div>\n                        <div class=\"text\"><p>Um langfristig h\u00f6chste kollektive Leistung zu erzielen, m\u00fcssen die Mitarbeiter und Mitarbeiterinnen des Unternehmens Arbeitsbedingungen und ein Arbeitsklima vorfinden, die sowohl von Seriosit\u00e4t und Sorgfalt als auch von Freundlichkeit gepr\u00e4gt sind. Wir legen sehr grossen Wert auf Innovation, \u00dcber-sich-selbst-Hinauswachsen und Solidarit\u00e4t.<\/p>\n<\/div>\n\n                                            <\/div>\n                            <\/div>\n        <\/div>\n    <\/section>\n\n\n            \n    <section class=\"image-title-text-button-container    mb-16\" data-aos=\"fade-up\" data-aos-offset=\"250\" data-aos-duration=\"1000\">\n        \n        \n        <div class=\"content-container gauche\">\n                            <div class=\"image flex flex-col items-center w-full xl:w-5\/12\">\n                    <div class=\"relative w-full flex items-center justify-center rounded-3xl overflow-hidden\">\n                                                    <div class=\"image_container w-full h-full\">\n                                <img decoding=\"async\" class=\"w-full object-contain\" src=\"https:\/\/www.elephantbleu.com\/wp-content\/uploads\/2023\/11\/EB_Emailing2.jpg\" alt=\"\">\n                            <\/div>\n\n                                                                        <\/div>\n                <\/div>\n            \n            <div class=\"flex flex-col w-full gap-8 order-1 xl:w-7\/12\">\n                                    <div class=\"item flex flex-col \">\n                        \n                        <div class=\"h3\"><span style=\"color: #6ebc48;\">EINE GRUPPE, DIE SICH F\u00dcR NACHHALTIGE ENTWICKLUNG EINSETZT <\/span><\/div>\n                        <div class=\"text\"><p>Umweltschutz ist einer der Grundwerte unseres Unternehmens. Wir verpflichten uns, die Wasserressourcen zu schonen und das Grundwasser zu sch\u00fctzen. Die Waschanlagen von Blauer Elefant tragen zur Beseitigung der Verkehrsschadstoffe bei, indem sie die im Waschwasser enthaltenen umweltsch\u00e4dlichen R\u00fcckst\u00e4nde sammeln und behandeln.<\/p>\n<p>Ausserdem verbessern wir regelm\u00e4ssig unsere Praktiken, Arbeitsmethoden und die Funktionsweise unserer Organisation, um ein Akteur der nachhaltigen Entwicklung zu sein.<\/p>\n<\/div>\n\n                                                    <a class=\"button has-background bg-green\" href=\"https:\/\/www.elephantbleu.com\/environnement\/\">ERFAHREN SIE MEHR<\/a>\n                                            <\/div>\n                            <\/div>\n        <\/div>\n    <\/section>\n\n\n            \n    <section class=\"image-title-text-button-container    mb-16\" data-aos=\"fade-up\" data-aos-offset=\"250\" data-aos-duration=\"1000\">\n        \n        \n        <div class=\"content-container droite\">\n                            <div class=\"image flex flex-col items-center w-full xl:w-5\/12\">\n                    <div class=\"relative w-full flex items-center justify-center rounded-3xl overflow-hidden\">\n                                                    <div class=\"image_container w-full h-full\">\n                                <img decoding=\"async\" class=\"w-full object-contain\" src=\"https:\/\/www.elephantbleu.com\/wp-content\/uploads\/2024\/01\/portrait-collaborateur.jpg\" alt=\"\">\n                            <\/div>\n\n                                                                        <\/div>\n                <\/div>\n            \n            <div class=\"flex flex-col w-full gap-8 order-1 xl:w-7\/12\">\n                                    <div class=\"item flex flex-col \">\n                        \n                        <div class=\"h3\">GLEICHHEIT, DIVERSIT\u00c4T UND INTEGRATION<\/div>\n                        <div class=\"text\"><p>Wir setzen uns aktiv f\u00fcr Gleichheit, Diversit\u00e4t und Integration ein. Unsere Einstellungsverfahren achten in allen Phasen auf Nichtdiskriminierung und Integration.<br \/>\nDer respektvolle Umgang miteinander bei der Arbeit ist eine Grundvoraussetzung, auf die wir grossen Wert legen.<\/p>\n<p>Gleichstellungsindex: unkalkulierbar f\u00fcr den Zeitraum vom 1.1.2023 bis zum 31.12.2023.<br \/>\nAuch wenn dieser Index unkalkulierbar ist, sehen wir in seiner Ver\u00f6ffentlichung einen Ansporn, die Bem\u00fchungen fortzusetzen. Wir bekr\u00e4ftigen unser diesbez\u00fcgliches Engagement.<\/p>\n<\/div>\n\n                                            <\/div>\n                            <\/div>\n        <\/div>\n    <\/section>\n\n\n\n<div class=\"title\"><h2 class=\"lg\" ><center>WARUM SOLLTEN SIE ZU UNS KOMMEN? <\/center><\/h2><\/div>\n\n\n    <section class=\"four-cards-container\" data-aos=\"fade-up\" data-aos-offset=\"250\" data-aos-duration=\"1000\">\n        \n                            <div class=\"splide splide-four-cards\">\n            \n            <div class=\"cards-container splide__track\">\n                <ul class=\"cards four-cards splide__list\">\n                                            <li class=\"p-8 card splide__slide\">\n                            <div class=\"number\">1<\/div>\n                            <div class=\"title\">EINE KARRIERE NACH MASS <\/div>\n                            <span class=\"content\"><p>Wir verpflichten uns, Sie durch ein umfassendes Onboarding und die Entwicklung Ihrer pers\u00f6nlichen Kompetenzen zu unterst\u00fctzen.<\/p>\n<\/span>\n                        <\/li>\n                                            <li class=\"p-8 card splide__slide\">\n                            <div class=\"number\">2<\/div>\n                            <div class=\"title\">EIN MENSCHLICHES, VERANTWORTUNGSBEWUSSTES UND SOLIDARISCHES UNTERNEHMEN <\/div>\n                            <span class=\"content\"><p>Sie haben die M\u00f6glichkeit zur Mitarbeit in \u00fcberschaubaren Teams, in denen jeder Mitarbeiter Verantwortung tr\u00e4gt und \u00fcber eine weitgehende Selbst\u00e4ndigkeit verf\u00fcgt. Die freundliche Atmosph\u00e4re innerhalb der Teams f\u00f6rdert den Austausch und die Interaktion zwischen unseren Abteilungen.<\/p>\n<\/span>\n                        <\/li>\n                                            <li class=\"p-8 card splide__slide\">\n                            <div class=\"number\">3<\/div>\n                            <div class=\"title\">GUTE ARBEITSBEDINGUNGEN <\/div>\n                            <span class=\"content\"><p>Bei uns finden Sie hervorragende Arbeitsbedingungen und eine gute Work-Life-Balance (Home Office, gleitende Arbeitszeiten\u202f&#8230;). Die Sicherheit am Arbeitsplatz ist ebenfalls eine der Priorit\u00e4ten der Gruppe.<\/p>\n<\/span>\n                        <\/li>\n                                            <li class=\"p-8 card splide__slide\">\n                            <div class=\"number\">4<\/div>\n                            <div class=\"title\">HOCHWERTIGE SCHULUNGEN <\/div>\n                            <span class=\"content\"><p>Das Unternehmen erhielt 2021 die Qualiopi-Zertifizierung und bietet interne und externe Schulungen f\u00fcr seine Franchisenehmer an.<\/p>\n<p>Wir achten darauf, Ihre Kompetenzen an Ihre Aufgaben anzupassen und Sie regelm\u00e4ssig \u00fcber M\u00f6glichkeiten zu informieren, Ihre Kompetenzen zu erweitern. Ein Drittel unseres Schulungsbudgets wird f\u00fcr Sicherheitstrainings verwendet.<\/p>\n<\/span>\n                        <\/li>\n                                    <\/ul>\n            <\/div>\n\n                        <\/div>\n            <\/section>\n\n\n            \n    <section class=\"image-title-text-button-container  dark py-12 lg:py-20 mb-0\" data-aos=\"fade-up\" data-aos-offset=\"250\" data-aos-duration=\"1000\">\n                    <div class=\"background-color has-background bg-blue-200 \"><\/div>\n        \n        \n        <div class=\"content-container gauche\">\n                            <div class=\"image flex flex-col items-center w-full xl:w-5\/12\">\n                    <div class=\"relative w-full flex items-center justify-center rounded-3xl overflow-hidden\">\n                                                    \n                            <div class=\"cursor-pointer flex items-center justify-center relative overflow-hidden rounded-3xl mb-16 js-tingle-modal-video\" data-video=\"https:\/\/www.youtube.com\/watch?v=dPLXR0xmyKc\" data-aos=\"fade-up\" data-aos-offset=\"250\" data-aos-duration=\"1000\">\n                                <div class=\"w-full h-full\">\n                                    <img decoding=\"async\" class=\"object-contain\" src=\"https:\/\/www.elephantbleu.com\/wp-content\/uploads\/2023\/11\/visuel-job-TNM.jpg\" alt=\"\">\n                                <\/div>\n\n                                <img decoding=\"async\" class=\"absolute z-10 w-6 lg:w-auto\" src=\"https:\/\/www.elephantbleu.com\/wp-content\/themes\/elephant-bleu\/dist\/img\/play.png\" alt=\"Ic\u00f4ne lecture\">\n                            <\/div>\n                                            <\/div>\n                <\/div>\n            \n            <div class=\"flex flex-col w-full gap-8 order-1 xl:w-7\/12\">\n                                    <div class=\"item flex flex-col xl:pl-24\">\n                                                    <div class=\"arrow-mask\">\n                                <svg xmlns=\"http:\/\/www.w3.org\/2000\/svg\" width=\"77.851\" height=\"73.275\" viewbox=\"0 0 77.851 73.275\">\n                                    <g id=\"Groupe_1087\" data-name=\"Groupe 1087\" transform=\"translate(0 0)\">\n                                        <path id=\"Trac\u00e9_3476\" data-name=\"Trac\u00e9 3476\" d=\"M1.992,64.734,0,64.562C3.2,27.082,26.195,3.71,47.25,0L47.6,1.969C27.3,5.551,5.11,28.262,1.993,64.735Z\" transform=\"translate(0 44.132) rotate(-68)\" fill=\"#ffffff\"\/>\n                                        <path id=\"Trac\u00e9_3477\" data-name=\"Trac\u00e9 3477\" d=\"M5.352,10.711,0,1.176,2.09,0,5.82,6.637,11.191.75l1.773,1.617Z\" transform=\"translate(50.501 69.262) rotate(-68)\" fill=\"#ffffff\"\/>\n                                    <\/g>\n                                <\/svg>\n                            <\/div>\n                        \n                        <div class=\"h3\">D\u00e9couvrez le t\u00e9moignage de Julien et C\u00e9dric, techniciens Travaux Neufs et Maintenance<\/div>\n                        <div class=\"text\"><p>V\u00e9ritable acteur de notre r\u00e9seau El\u00e9phant Bleu, le technicien travaux neufs et maintenance est charg\u00e9 de garantir le bon fonctionnement des stations de lavage et participe aux montages et \u00e0 la r\u00e9alisation des transformations des centres.<\/p>\n<\/div>\n\n                                                    <a class=\"button has-background bg-blue-500\" href=\"https:\/\/www.elephantbleu.com\/candidature\/\">Je postule<\/a>\n                                            <\/div>\n                            <\/div>\n        <\/div>\n    <\/section>\n\n\n    <section id=\"block-career-container\" class=\"block-career-container has-background bg-blue-500 has-white-color\" data-aos=\"fade-up\" data-aos-offset=\"250\" data-aos-duration=\"1000\">\n        <div class=\"background-color has-background bg-blue-500\"><\/div>\n\n        <h2 class=\"title h3 has-white-color\">LESEN SIE UNSERE STELLENANZEIGEN <\/h2>\n\n        <ul class=\"offres\">\n                    <\/ul>\n    <\/section>\n\n\n    <section class=\"block-citation-container has-background bg-blue-200 has-white-color\" data-aos=\"fade-up\" data-aos-offset=\"250\" data-aos-duration=\"1000\">\n        <div class=\"background-color has-background bg-blue-200\"><\/div>\n\n        <div class=\"content\">\n            \n            <div class=\"citation\"><p>\u00abWIR SUCHEN PERS\u00d6NLICHKEITEN, DIE SICH AN EINER KOLLEKTIVEN WACHSTUMSDYNAMIK BETEILIGEN UND AKTIV ZUM UMWELTSCHUTZ BEITRAGEN M\u00d6CHTEN. BEI UNS K\u00d6NNEN SIE SICH IN EINEM FREUNDLICHEN, DYNAMISCHEN UND STIMULIERENDEN UMFELD ENTWICKELN\u00bb<\/p>\n<\/div>\n\n            <div class=\"informations\">\n                <div class=\"auteur\">Christine Trauttmann<\/div>\n                <div class=\"role\">Leiterin der Personalabteilung <\/div>\n            <\/div>\n        <\/div>\n    <\/section>\n\n\n\n<div style=\"height:19px\" aria-hidden=\"true\" class=\"wp-block-spacer\"><\/div>\n\n\n    <section class=\"four-cards-container\" data-aos=\"fade-up\" data-aos-offset=\"250\" data-aos-duration=\"1000\">\n                    <div class=\"h3 title\">UNSER EINSTELLUNGSVERFAHREN<\/div>\n        \n                            <div class=\"splide splide-four-cards\">\n            \n            <div class=\"cards-container splide__track\">\n                <ul class=\"cards four-cards splide__list\">\n                                            <li class=\"p-8 card splide__slide\">\n                            <div class=\"number\">1<\/div>\n                            <div class=\"title\"> BEWERBUNG <\/div>\n                            <span class=\"content\"><p>Alle Bewerbungen werden von unserer Personalabteilung gepr\u00fcft. Wir sind immer auf der Suche nach neuen Talenten!<\/p>\n<\/span>\n                        <\/li>\n                                            <li class=\"p-8 card splide__slide\">\n                            <div class=\"number\">2<\/div>\n                            <div class=\"title\">TELEFONISCHES GESPR\u00c4CH <\/div>\n                            <span class=\"content\"><p>Ihre Bewerbung hat unsere Aufmerksamkeit geweckt. Unsere Einstellungsteams werden Sie telefonisch f\u00fcr ein erstes Gespr\u00e4ch kontaktieren.<\/p>\n<\/span>\n                        <\/li>\n                                            <li class=\"p-8 card splide__slide\">\n                            <div class=\"number\">3<\/div>\n                            <div class=\"title\">PERS\u00d6NLICHE GESPR\u00c4CHE<\/div>\n                            <span class=\"content\"><p>Wenn Ihr Profil ausgew\u00e4hlt wurde, werden Sie zu einem Gespr\u00e4ch mit der Personalabteilung und Ihrem zuk\u00fcnftigen Manager eingeladen. Je nach Umst\u00e4nden kann auch ein zweites Gespr\u00e4ch mit der Person der n\u00e4chsth\u00f6heren Ebene vereinbart werden.<\/p>\n<\/span>\n                        <\/li>\n                                            <li class=\"p-8 card splide__slide\">\n                            <div class=\"number\">4<\/div>\n                            <div class=\"title\"> TESTS <\/div>\n                            <span class=\"content\"><p>Wenn die Stelle es erfordert, werden wir Sie verschiedene psychotechnische Tests machen lassen.<\/p>\n<\/span>\n                        <\/li>\n                                            <li class=\"p-8 card splide__slide\">\n                            <div class=\"number\">5<\/div>\n                            <div class=\"title\">WILLKOMMEN <\/div>\n                            <span class=\"content\"><p>Der Schl\u00fcssel zum Erfolg unserer Einstellungen liegt auch in der Qualit\u00e4t unseres Betreuung. Ihr Manager organisiert einen Onboarding-Prozess, bei dem Sie ihren wichtigsten Ansprechpartner treffen. Sie erhalten auch eine eint\u00e4gige Schulung zum Kennenlernen des Unternehmens.<\/p>\n<\/span>\n                        <\/li>\n                                    <\/ul>\n            <\/div>\n\n                        <\/div>\n            <\/section>\n\n\n    <section class=\"banner-container\" data-aos=\"fade-up\" data-aos-offset=\"250\" data-aos-duration=\"1000\">\n        <ul class=\"blocs grid-cols-1 \">\n                            <li class=\"bloc\">\n                    <div class=\"image-container\">\n                                                    <div class=\"mask has-background bg-blue-400\"><\/div>\n                        \n                        <img decoding=\"async\" src=\"https:\/\/www.elephantbleu.com\/wp-content\/uploads\/2024\/01\/Capture34.png\" alt=\"\">\n                    <\/div>\n\n                    <div class=\"image-content\">\n                        <span class=\"h2\"> KOMMEN SIE ZU UNS! <\/span>\n                        <div class=\"text\"><\/div>\n\n                                                    <a class=\"button  \" href=\"https:\/\/www.elephantbleu.com\/candidature\/\">ICH SCHICKE MEINE BEWERBUNG<\/a>\n                                            <\/div>\n                <\/li>\n                    <\/ul>\n    <\/section>\n","protected":false},"excerpt":{"rendered":"","protected":false},"author":1,"featured_media":0,"parent":0,"menu_order":0,"comment_status":"closed","ping_status":"closed","template":"","meta":{"_acf_changed":false,"footnotes":""},"class_list":["post-10540","page","type-page","status-publish","hentry"],"acf":[],"yoast_head":"<!-- This site is optimized with the Yoast SEO plugin v27.2 - https:\/\/yoast.com\/product\/yoast-seo-wordpress\/ -->\n<title>STELLENANGEBOTE - Elephant-Bleu<\/title>\n<meta name=\"robots\" content=\"index, follow, max-snippet:-1, max-image-preview:large, max-video-preview:-1\" \/>\n<link rel=\"canonical\" href=\"https:\/\/www.elephantbleu.com\/de-ch\/stellenangebote\/\" \/>\n<meta property=\"og:locale\" content=\"de_DE\" \/>\n<meta property=\"og:type\" content=\"article\" \/>\n<meta property=\"og:title\" content=\"STELLENANGEBOTE - Elephant-Bleu\" \/>\n<meta property=\"og:url\" content=\"https:\/\/www.elephantbleu.com\/de-ch\/stellenangebote\/\" \/>\n<meta property=\"og:site_name\" content=\"Elephant-Bleu\" \/>\n<meta property=\"article:publisher\" content=\"https:\/\/fr-fr.facebook.com\/ElephantBleuOfficiel\/\" \/>\n<meta property=\"article:modified_time\" content=\"2024-11-26T14:47:50+00:00\" \/>\n<meta name=\"twitter:card\" content=\"summary_large_image\" \/>\n<script type=\"application\/ld+json\" class=\"yoast-schema-graph\">{\"@context\":\"https:\/\/schema.org\",\"@graph\":[{\"@type\":\"WebPage\",\"@id\":\"https:\/\/www.elephantbleu.com\/de-ch\/stellenangebote\/\",\"url\":\"https:\/\/www.elephantbleu.com\/de-ch\/stellenangebote\/\",\"name\":\"STELLENANGEBOTE - Elephant-Bleu\",\"isPartOf\":{\"@id\":\"https:\/\/www.elephantbleu.com\/de-ch\/#website\"},\"datePublished\":\"2023-11-22T10:25:15+00:00\",\"dateModified\":\"2024-11-26T14:47:50+00:00\",\"breadcrumb\":{\"@id\":\"https:\/\/www.elephantbleu.com\/de-ch\/stellenangebote\/#breadcrumb\"},\"inLanguage\":\"de-CH\",\"potentialAction\":[{\"@type\":\"ReadAction\",\"target\":[\"https:\/\/www.elephantbleu.com\/de-ch\/stellenangebote\/\"]}]},{\"@type\":\"BreadcrumbList\",\"@id\":\"https:\/\/www.elephantbleu.com\/de-ch\/stellenangebote\/#breadcrumb\",\"itemListElement\":[{\"@type\":\"ListItem\",\"position\":1,\"name\":\"Home\",\"item\":\"https:\/\/www.elephantbleu.com\/de-ch\/\"},{\"@type\":\"ListItem\",\"position\":2,\"name\":\"STELLENANGEBOTE\"}]},{\"@type\":\"WebSite\",\"@id\":\"https:\/\/www.elephantbleu.com\/de-ch\/#website\",\"url\":\"https:\/\/www.elephantbleu.com\/de-ch\/\",\"name\":\"Elephant Bleu\",\"description\":\"\",\"publisher\":{\"@id\":\"https:\/\/www.elephantbleu.com\/de-ch\/#organization\"},\"potentialAction\":[{\"@type\":\"SearchAction\",\"target\":{\"@type\":\"EntryPoint\",\"urlTemplate\":\"https:\/\/www.elephantbleu.com\/de-ch\/?s={search_term_string}\"},\"query-input\":{\"@type\":\"PropertyValueSpecification\",\"valueRequired\":true,\"valueName\":\"search_term_string\"}}],\"inLanguage\":\"de-CH\"},{\"@type\":\"Organization\",\"@id\":\"https:\/\/www.elephantbleu.com\/de-ch\/#organization\",\"name\":\"Elephant Bleu\",\"url\":\"https:\/\/www.elephantbleu.com\/de-ch\/\",\"logo\":{\"@type\":\"ImageObject\",\"inLanguage\":\"de-CH\",\"@id\":\"https:\/\/www.elephantbleu.com\/de-ch\/#\/schema\/logo\/image\/\",\"url\":\"https:\/\/www.elephantbleu.com\/wp-content\/uploads\/2024\/01\/conseils-de-lelephant-02.png\",\"contentUrl\":\"https:\/\/www.elephantbleu.com\/wp-content\/uploads\/2024\/01\/conseils-de-lelephant-02.png\",\"width\":200,\"height\":200,\"caption\":\"Elephant Bleu\"},\"image\":{\"@id\":\"https:\/\/www.elephantbleu.com\/de-ch\/#\/schema\/logo\/image\/\"},\"sameAs\":[\"https:\/\/fr-fr.facebook.com\/ElephantBleuOfficiel\/\",\"https:\/\/fr.linkedin.com\/company\/elephant-bleu-franchise\"]}]}<\/script>\n<!-- \/ Yoast SEO plugin. -->","yoast_head_json":{"title":"STELLENANGEBOTE - Elephant-Bleu","robots":{"index":"index","follow":"follow","max-snippet":"max-snippet:-1","max-image-preview":"max-image-preview:large","max-video-preview":"max-video-preview:-1"},"canonical":"https:\/\/www.elephantbleu.com\/de-ch\/stellenangebote\/","og_locale":"de_DE","og_type":"article","og_title":"STELLENANGEBOTE - Elephant-Bleu","og_url":"https:\/\/www.elephantbleu.com\/de-ch\/stellenangebote\/","og_site_name":"Elephant-Bleu","article_publisher":"https:\/\/fr-fr.facebook.com\/ElephantBleuOfficiel\/","article_modified_time":"2024-11-26T14:47:50+00:00","twitter_card":"summary_large_image","schema":{"@context":"https:\/\/schema.org","@graph":[{"@type":"WebPage","@id":"https:\/\/www.elephantbleu.com\/de-ch\/stellenangebote\/","url":"https:\/\/www.elephantbleu.com\/de-ch\/stellenangebote\/","name":"STELLENANGEBOTE - Elephant-Bleu","isPartOf":{"@id":"https:\/\/www.elephantbleu.com\/de-ch\/#website"},"datePublished":"2023-11-22T10:25:15+00:00","dateModified":"2024-11-26T14:47:50+00:00","breadcrumb":{"@id":"https:\/\/www.elephantbleu.com\/de-ch\/stellenangebote\/#breadcrumb"},"inLanguage":"de-CH","potentialAction":[{"@type":"ReadAction","target":["https:\/\/www.elephantbleu.com\/de-ch\/stellenangebote\/"]}]},{"@type":"BreadcrumbList","@id":"https:\/\/www.elephantbleu.com\/de-ch\/stellenangebote\/#breadcrumb","itemListElement":[{"@type":"ListItem","position":1,"name":"Home","item":"https:\/\/www.elephantbleu.com\/de-ch\/"},{"@type":"ListItem","position":2,"name":"STELLENANGEBOTE"}]},{"@type":"WebSite","@id":"https:\/\/www.elephantbleu.com\/de-ch\/#website","url":"https:\/\/www.elephantbleu.com\/de-ch\/","name":"Elephant Bleu","description":"","publisher":{"@id":"https:\/\/www.elephantbleu.com\/de-ch\/#organization"},"potentialAction":[{"@type":"SearchAction","target":{"@type":"EntryPoint","urlTemplate":"https:\/\/www.elephantbleu.com\/de-ch\/?s={search_term_string}"},"query-input":{"@type":"PropertyValueSpecification","valueRequired":true,"valueName":"search_term_string"}}],"inLanguage":"de-CH"},{"@type":"Organization","@id":"https:\/\/www.elephantbleu.com\/de-ch\/#organization","name":"Elephant Bleu","url":"https:\/\/www.elephantbleu.com\/de-ch\/","logo":{"@type":"ImageObject","inLanguage":"de-CH","@id":"https:\/\/www.elephantbleu.com\/de-ch\/#\/schema\/logo\/image\/","url":"https:\/\/www.elephantbleu.com\/wp-content\/uploads\/2024\/01\/conseils-de-lelephant-02.png","contentUrl":"https:\/\/www.elephantbleu.com\/wp-content\/uploads\/2024\/01\/conseils-de-lelephant-02.png","width":200,"height":200,"caption":"Elephant Bleu"},"image":{"@id":"https:\/\/www.elephantbleu.com\/de-ch\/#\/schema\/logo\/image\/"},"sameAs":["https:\/\/fr-fr.facebook.com\/ElephantBleuOfficiel\/","https:\/\/fr.linkedin.com\/company\/elephant-bleu-franchise"]}]}},"_links":{"self":[{"href":"https:\/\/www.elephantbleu.com\/de-ch\/wp-json\/wp\/v2\/pages\/10540","targetHints":{"allow":["GET"]}}],"collection":[{"href":"https:\/\/www.elephantbleu.com\/de-ch\/wp-json\/wp\/v2\/pages"}],"about":[{"href":"https:\/\/www.elephantbleu.com\/de-ch\/wp-json\/wp\/v2\/types\/page"}],"author":[{"embeddable":true,"href":"https:\/\/www.elephantbleu.com\/de-ch\/wp-json\/wp\/v2\/users\/1"}],"replies":[{"embeddable":true,"href":"https:\/\/www.elephantbleu.com\/de-ch\/wp-json\/wp\/v2\/comments?post=10540"}],"version-history":[{"count":23,"href":"https:\/\/www.elephantbleu.com\/de-ch\/wp-json\/wp\/v2\/pages\/10540\/revisions"}],"predecessor-version":[{"id":18413,"href":"https:\/\/www.elephantbleu.com\/de-ch\/wp-json\/wp\/v2\/pages\/10540\/revisions\/18413"}],"wp:attachment":[{"href":"https:\/\/www.elephantbleu.com\/de-ch\/wp-json\/wp\/v2\/media?parent=10540"}],"curies":[{"name":"wp","href":"https:\/\/api.w.org\/{rel}","templated":true}]}}